{"id":661,"date":"2022-12-02T11:26:36","date_gmt":"2022-12-02T11:26:36","guid":{"rendered":"http:\/\/die-harzburg.de\/?page_id=661"},"modified":"2022-12-03T10:41:07","modified_gmt":"2022-12-03T10:41:07","slug":"linkliste-burgen","status":"publish","type":"page","link":"https:\/\/die-harzburg.de\/?page_id=661","title":{"rendered":"Linkliste Burgen"},"content":{"rendered":"\n<h2 class=\"wp-block-heading\">Virtueller Wegweiser in die Welt der Burgen<\/h2>\n\n\n\n<figure class=\"wp-block-table alignwide has-small-font-size\"><table class=\"has-white-background-color has-background has-fixed-layout\"><tbody><tr><td class=\"has-text-align-left\" data-align=\"left\"><a href=\"https:\/\/www.deutsche-burgen.org\/\" target=\"_blank\" rel=\"noreferrer noopener\"><img data-recalc-dims=\"1\" loading=\"lazy\" decoding=\"async\" width=\"300\" height=\"56\" class=\"wp-image-662\" style=\"width: 300px;\" src=\"https:\/\/i0.wp.com\/die-harzburg.de\/wp-content\/uploads\/2022\/12\/burgenvereinigung.png?resize=300%2C56\" alt=\"\" srcset=\"https:\/\/i0.wp.com\/die-harzburg.de\/wp-content\/uploads\/2022\/12\/burgenvereinigung.png?w=530&amp;ssl=1 530w, https:\/\/i0.wp.com\/die-harzburg.de\/wp-content\/uploads\/2022\/12\/burgenvereinigung.png?resize=300%2C56&amp;ssl=1 300w\" sizes=\"auto, (max-width: 300px) 100vw, 300px\" \/><\/a><\/td><td>Die <strong><a rel=\"noreferrer noopener\" href=\"https:\/\/www.deutsche-burgen.org\/\" target=\"_blank\">Deutsche Burgenvereinigung<\/a><\/strong> geh\u00f6rt nach eigenem Bekunden zu den &#8222;\u00e4ltesten nichtstaatlichen Denkmalschutzorganisationen in Deutschland, die sich der Erhaltung unseres gebauten Erbes verschrieben haben. Gegr\u00fcndet wurde der Verein 1899 in Berlin als \u201eVereinigung zur Erhaltung deutscher Burgen\u201c, um der zunehmenden Zerst\u00f6rung von Burgen und historischen Wehr- und Wohnbauten, aber auch falsch verstandenen Restaurierungen Einhalt zu gebieten.&#8220;<br><\/td><\/tr><tr><td class=\"has-text-align-left\" data-align=\"left\"><a href=\"https:\/\/www.deutsche-burgen.org\/de\/institut\/startseite.html\" target=\"_blank\" rel=\"noreferrer noopener\"><img data-recalc-dims=\"1\" loading=\"lazy\" decoding=\"async\" width=\"200\" height=\"72\" class=\"wp-image-663\" style=\"width: 200px;\" src=\"https:\/\/i0.wp.com\/die-harzburg.de\/wp-content\/uploads\/2022\/12\/burgeninstitut.png?resize=200%2C72\" alt=\"\"><\/a><\/td><td>Das <strong><a href=\"https:\/\/www.deutsche-burgen.org\/de\/institut\/startseite.html\">Europ\u00e4ische Burgeninstitut<\/a><\/strong> ist eine Einrichtung der Deutschen Burgenvereinigung e.V. und \u00a0bezweckt die \u201eErforschung der historischen Wehr- und Wohnbauten und die Verbreitung der Forschungsergebnisse\u201c. Im Mittelpunkt der Institutsarbeit steht demnach \u201e!das Ph\u00e4nomen Burg als Element der mittelalterlichen Geschichte, das in seiner Komplexit\u00e4t nur interdisziplin\u00e4r und international zu erfassen ist\u201c.<br><\/td><\/tr><tr><td class=\"has-text-align-left\" data-align=\"left\"><a href=\"https:\/\/www.ebidat.de\/\" target=\"_blank\" rel=\"noreferrer noopener\"><img data-recalc-dims=\"1\" loading=\"lazy\" decoding=\"async\" width=\"250\" height=\"41\" class=\"wp-image-664\" style=\"width: 250px;\" src=\"https:\/\/i0.wp.com\/die-harzburg.de\/wp-content\/uploads\/2022\/12\/ebidat-burgdatenbank.png?resize=250%2C41\" alt=\"\" srcset=\"https:\/\/i0.wp.com\/die-harzburg.de\/wp-content\/uploads\/2022\/12\/ebidat-burgdatenbank.png?w=737&amp;ssl=1 737w, https:\/\/i0.wp.com\/die-harzburg.de\/wp-content\/uploads\/2022\/12\/ebidat-burgdatenbank.png?resize=300%2C49&amp;ssl=1 300w, https:\/\/i0.wp.com\/die-harzburg.de\/wp-content\/uploads\/2022\/12\/ebidat-burgdatenbank.png?resize=720%2C120&amp;ssl=1 720w\" sizes=\"auto, (max-width: 250px) 100vw, 250px\" \/><\/a><\/td><td><strong><a href=\"https:\/\/www.ebidat.de\/\">EBIDAT<\/a><\/strong> setzt sich laut der Homepage aus <strong>E<\/strong>urop\u00e4isches <strong>B<\/strong>urgen-<strong>I<\/strong>nstitut und <strong>DAT<\/strong>enbank zusammen. Weiter hei\u00dft es, bis heute sei nicht bekannt, wie viele Burgen es in Deutschland gegeben hat, da allenfalls die verschiedenen Bundesl\u00e4nder \u00fcber Datensammlungen verf\u00fcgten. Es fehle aber eine bundesweite Koordinierung. Hier setze das Europ\u00e4ische Burgeninstitut an, um \u201eeine kontinuierliche, \u00fcberregionale und nicht personengebundene Erfassung von Burgen\u201c zu schaffen.<br><\/td><\/tr><tr><td class=\"has-text-align-left\" data-align=\"left\"><a href=\"http:\/\/www.burgenwelt.de\/\" target=\"_blank\" rel=\"noreferrer noopener\"><img data-recalc-dims=\"1\" loading=\"lazy\" decoding=\"async\" width=\"250\" height=\"43\" class=\"wp-image-665\" style=\"width: 250px;\" src=\"https:\/\/i0.wp.com\/die-harzburg.de\/wp-content\/uploads\/2022\/12\/burgenwelt.jpg?resize=250%2C43\" alt=\"\" srcset=\"https:\/\/i0.wp.com\/die-harzburg.de\/wp-content\/uploads\/2022\/12\/burgenwelt.jpg?w=500&amp;ssl=1 500w, https:\/\/i0.wp.com\/die-harzburg.de\/wp-content\/uploads\/2022\/12\/burgenwelt.jpg?resize=300%2C51&amp;ssl=1 300w\" sizes=\"auto, (max-width: 250px) 100vw, 250px\" \/><\/a><\/td><td>Die <strong><a href=\"http:\/\/www.burgenwelt.de\/\">Burgenwelt<\/a> <\/strong>ist nach eigenem Bekunden \u201eDeutschlands umfangreichste Webseite zum Thema Burgen und Festungen\u201c und \u201epr\u00e4sentiert \u00fcber 5000 mittelalterliche Befestigungsanlagen aus mehr als 60 Staaten\u201c.<br><\/td><\/tr><tr><td class=\"has-text-align-left\" data-align=\"left\"><a href=\"https:\/\/www.burgen.de\/\" target=\"_blank\" rel=\"noreferrer noopener\"><img data-recalc-dims=\"1\" loading=\"lazy\" decoding=\"async\" width=\"300\" height=\"77\" class=\"wp-image-666\" style=\"width: 300px;\" src=\"https:\/\/i0.wp.com\/die-harzburg.de\/wp-content\/uploads\/2022\/12\/burgen-magazin.png?resize=300%2C77\" alt=\"\"><\/a><\/td><td>Auf <strong><a href=\"https:\/\/www.burgen.de\/\">burgen.de, Burgen- und Schl\u00f6sser-Magazin<\/a><\/strong>, werden Burgen und Schl\u00f6sser vorgestellt. Die Website gibt Tipps f\u00fcr \u201eAusfl\u00fcge und Zeitreisen\u201c, damit man miterleben kann, wie \u201edie alten Mauern Geschichten aus vielen Jahrhunderten\u201c erz\u00e4hlen.<br><\/td><\/tr><tr><td class=\"has-text-align-left\" data-align=\"left\"><a href=\"https:\/\/www.deutschesburgenmuseum.de\/\" target=\"_blank\" rel=\"noreferrer noopener\"><img data-recalc-dims=\"1\" loading=\"lazy\" decoding=\"async\" width=\"250\" height=\"87\" class=\"wp-image-667\" style=\"width: 250px;\" src=\"https:\/\/i0.wp.com\/die-harzburg.de\/wp-content\/uploads\/2022\/12\/burgenmuseum_1.jpg?resize=250%2C87\" alt=\"\" srcset=\"https:\/\/i0.wp.com\/die-harzburg.de\/wp-content\/uploads\/2022\/12\/burgenmuseum_1.jpg?w=658&amp;ssl=1 658w, https:\/\/i0.wp.com\/die-harzburg.de\/wp-content\/uploads\/2022\/12\/burgenmuseum_1.jpg?resize=300%2C104&amp;ssl=1 300w\" sizes=\"auto, (max-width: 250px) 100vw, 250px\" \/><\/a><\/td><td>Das <strong><a href=\"https:\/\/www.deutschesburgenmuseum.de\/\">Deutsche Burgenmuseum<\/a><\/strong> hat seinen Sitz im th\u00fcringischen Bad Colberg-Heldburg. Nach eigenem Bekunden thematisiert nur das Deutsche Burgenmuseum \u201edas Ph\u00e4nomen ,Burg\u2018 f\u00fcr den deutschen Kulturraum im \u00fcberregionalen Kontext. Es zeigt Geschichte und Kultur der Burgen und ihrer Bewohner, veranschaulicht die Bedeutung und Funktion von Burgen und ihre bauliche Entwicklung\u201c.<br><\/td><\/tr><tr><td class=\"has-text-align-left\" data-align=\"left\"><a href=\"http:\/\/www.burgen-forschung.de\/\" target=\"_blank\" rel=\"noreferrer noopener\"><img data-recalc-dims=\"1\" loading=\"lazy\" decoding=\"async\" width=\"150\" height=\"149\" class=\"wp-image-672\" style=\"width: 150px;\" src=\"https:\/\/i0.wp.com\/die-harzburg.de\/wp-content\/uploads\/2022\/12\/marburger-burgenforschung.png?resize=150%2C149\" alt=\"\" srcset=\"https:\/\/i0.wp.com\/die-harzburg.de\/wp-content\/uploads\/2022\/12\/marburger-burgenforschung.png?w=225&amp;ssl=1 225w, https:\/\/i0.wp.com\/die-harzburg.de\/wp-content\/uploads\/2022\/12\/marburger-burgenforschung.png?resize=150%2C150&amp;ssl=1 150w\" sizes=\"auto, (max-width: 150px) 100vw, 150px\" \/><\/a><br><\/td><td>Der <strong><a href=\"http:\/\/www.burgen-forschung.de\/\">Marburger Arbeitskreis f\u00fcr europ\u00e4ische Burgenforschung e.V.<\/a><\/strong> bezeichnet sich selbst als einen \u201eZusammenschluss von im weitesten Sinne an Burgen interessierten Menschen\u201c. Er wurde 1996 gegr\u00fcndet und verfolgt das Ziel, \u201edie Erforschung historischer Wehr- und Wohnbauten und ihres kulturhistorischen Kontexts\u201c zu f\u00f6rdern.<br><\/td><\/tr><tr><td class=\"has-text-align-left\" data-align=\"left\"><a href=\"https:\/\/deutscher-burgenwinkel.de\/start.html\" target=\"_blank\" rel=\"noreferrer noopener\"><img data-recalc-dims=\"1\" loading=\"lazy\" decoding=\"async\" width=\"300\" height=\"177\" class=\"wp-image-673\" style=\"width: 300px;\" src=\"https:\/\/i0.wp.com\/die-harzburg.de\/wp-content\/uploads\/2022\/12\/burgenwinkel.png?resize=300%2C177\" alt=\"\" srcset=\"https:\/\/i0.wp.com\/die-harzburg.de\/wp-content\/uploads\/2022\/12\/burgenwinkel.png?w=500&amp;ssl=1 500w, https:\/\/i0.wp.com\/die-harzburg.de\/wp-content\/uploads\/2022\/12\/burgenwinkel.png?resize=300%2C177&amp;ssl=1 300w\" sizes=\"auto, (max-width: 300px) 100vw, 300px\" \/><\/a><br><\/td><td>Der Zweckverband <strong><a href=\"https:\/\/deutscher-burgenwinkel.de\/start.html\">Deutscher Burgenwinkel\u00a0<\/a><\/strong>wurde laut Website im Jahr 2009 mit dem Ziel gegr\u00fcndet, die Region in und um den Landkreis Ha\u00dfberge (Unterfranken) touristisch aufzuwerten. Der Fokus liegt dabei auf den zahlreichen Burgen, Schl\u00f6ssern und Ruinen in dem Gebiet, was sich im Burgeninformationszentrums in Altenstein widerspiegeln soll.<\/td><\/tr><tr><td class=\"has-text-align-left\" data-align=\"left\"><img data-recalc-dims=\"1\" loading=\"lazy\" decoding=\"async\" width=\"400\" height=\"78\" class=\"wp-image-674\" style=\"width: 400px;\" src=\"https:\/\/i0.wp.com\/die-harzburg.de\/wp-content\/uploads\/2022\/12\/denkmalpflege.gif?resize=400%2C78\" alt=\"\"><\/td><td>Das <strong><a href=\"https:\/\/denkmalpflege.niedersachsen.de\/startseite\/\">Nieders\u00e4chsische Landesamt f\u00fcr Denkmalpflege<\/a><\/strong> (NLD) mit Sitz in Hannover ist laut eigener Website \u201edie zentrale staatliche Denkmalfachbeh\u00f6rde f\u00fcr \u00fcbergeordnete Aufgaben der Denkmalpflege im Bundesland Niedersachsen. Das NLD ist dem Schutz und Erhalt des baukulturellen Erbes im Bereich der Bau- und Bodendenkmalpflege verpflichtet\u201c.<br><\/td><\/tr><tr><td class=\"has-text-align-left\" data-align=\"left\"><img data-recalc-dims=\"1\" loading=\"lazy\" decoding=\"async\" width=\"150\" height=\"172\" class=\"wp-image-675\" style=\"width: 150px;\" src=\"https:\/\/i0.wp.com\/die-harzburg.de\/wp-content\/uploads\/2022\/12\/Wikipedia_logo.png?resize=150%2C172\" alt=\"\" srcset=\"https:\/\/i0.wp.com\/die-harzburg.de\/wp-content\/uploads\/2022\/12\/Wikipedia_logo.png?w=4320&amp;ssl=1 4320w, https:\/\/i0.wp.com\/die-harzburg.de\/wp-content\/uploads\/2022\/12\/Wikipedia_logo.png?resize=261%2C300&amp;ssl=1 261w, https:\/\/i0.wp.com\/die-harzburg.de\/wp-content\/uploads\/2022\/12\/Wikipedia_logo.png?resize=892%2C1024&amp;ssl=1 892w, https:\/\/i0.wp.com\/die-harzburg.de\/wp-content\/uploads\/2022\/12\/Wikipedia_logo.png?resize=768%2C882&amp;ssl=1 768w, https:\/\/i0.wp.com\/die-harzburg.de\/wp-content\/uploads\/2022\/12\/Wikipedia_logo.png?resize=1338%2C1536&amp;ssl=1 1338w, https:\/\/i0.wp.com\/die-harzburg.de\/wp-content\/uploads\/2022\/12\/Wikipedia_logo.png?resize=1784%2C2048&amp;ssl=1 1784w, https:\/\/i0.wp.com\/die-harzburg.de\/wp-content\/uploads\/2022\/12\/Wikipedia_logo.png?w=1440 1440w, https:\/\/i0.wp.com\/die-harzburg.de\/wp-content\/uploads\/2022\/12\/Wikipedia_logo.png?w=2160 2160w\" sizes=\"auto, (max-width: 150px) 100vw, 150px\" \/><\/td><td>Auf drei Eintr\u00e4ge im &#8222;Internet-Lexikon&#8220; <strong>Wikipedia <\/strong>m\u00f6chten wir verweisen:<br><br><strong><a href=\"https:\/\/de.wikipedia.org\/wiki\/Liste_von_Burgen_und_Schl%C3%B6ssern_in_Deutschland\" target=\"_blank\" rel=\"noreferrer noopener\">&#8211; Liste der Burgen und Schl\u00f6sser in Deutschland<\/a><\/strong><br><br><strong><a href=\"https:\/\/de.wikipedia.org\/wiki\/Burg\" target=\"_blank\" rel=\"noreferrer noopener\">&#8211; Ausf\u00fchrungen zum Thema Burgen allgemein<\/a><\/strong><br><br><strong><a href=\"https:\/\/de.wikipedia.org\/wiki\/Harzburg\" target=\"_blank\" rel=\"noreferrer noopener\">&#8211; Der Eintrag zur Harzburg<\/a><\/strong><\/td><\/tr><tr><td class=\"has-text-align-left\" data-align=\"left\"><\/td><td><\/td><\/tr><\/tbody><\/table><figcaption class=\"wp-element-caption\"><strong>Wer weitere interessante Internet-Adressem rund ums Thema &#8222;Burgen&#8220; oder speziell zur &#8222;Harzburg&#8220; kennt, kann uns diese gern <a href=\"mailto:info@die.harzburg.de\" target=\"_blank\" rel=\"noreferrer noopener\">per Mail mitteilen<\/a><\/strong><\/figcaption><\/figure>\n","protected":false},"excerpt":{"rendered":"<p>Virtueller Wegweiser in die Welt der Burgen Die Deutsche Burgenvereinigung geh\u00f6rt nach eigenem Bekunden zu den &#8222;\u00e4ltesten nichtstaatlichen Denkmalschutzorganisationen in Deutschland, die sich der Erhaltung unseres gebauten Erbes verschrieben haben. Gegr\u00fcndet wurde der Verein 1899 in Berlin als \u201eVereinigung zur<\/p>\n","protected":false},"author":1,"featured_media":0,"parent":107,"menu_order":0,"comment_status":"closed","ping_status":"closed","template":"","meta":{"footnotes":""},"class_list":["post-661","page","type-page","status-publish","hentry"],"jetpack_sharing_enabled":true,"_links":{"self":[{"href":"https:\/\/die-harzburg.de\/index.php?rest_route=\/wp\/v2\/pages\/661","targetHints":{"allow":["GET"]}}],"collection":[{"href":"https:\/\/die-harzburg.de\/index.php?rest_route=\/wp\/v2\/pages"}],"about":[{"href":"https:\/\/die-harzburg.de\/index.php?rest_route=\/wp\/v2\/types\/page"}],"author":[{"embeddable":true,"href":"https:\/\/die-harzburg.de\/index.php?rest_route=\/wp\/v2\/users\/1"}],"replies":[{"embeddable":true,"href":"https:\/\/die-harzburg.de\/index.php?rest_route=%2Fwp%2Fv2%2Fcomments&post=661"}],"version-history":[{"count":4,"href":"https:\/\/die-harzburg.de\/index.php?rest_route=\/wp\/v2\/pages\/661\/revisions"}],"predecessor-version":[{"id":680,"href":"https:\/\/die-harzburg.de\/index.php?rest_route=\/wp\/v2\/pages\/661\/revisions\/680"}],"up":[{"embeddable":true,"href":"https:\/\/die-harzburg.de\/index.php?rest_route=\/wp\/v2\/pages\/107"}],"wp:attachment":[{"href":"https:\/\/die-harzburg.de\/index.php?rest_route=%2Fwp%2Fv2%2Fmedia&parent=661"}],"curies":[{"name":"wp","href":"https:\/\/api.w.org\/{rel}","templated":true}]}}