{"id":66,"date":"2022-10-11T10:23:36","date_gmt":"2022-10-11T10:23:36","guid":{"rendered":"http:\/\/die-harzburg.de\/?page_id=66"},"modified":"2025-10-01T15:35:10","modified_gmt":"2025-10-01T13:35:10","slug":"besinnung","status":"publish","type":"page","link":"https:\/\/die-harzburg.de\/?page_id=66","title":{"rendered":"Besinnung"},"content":{"rendered":"\n<figure class=\"wp-block-image size-large\"><img data-recalc-dims=\"1\" loading=\"lazy\" decoding=\"async\" width=\"720\" height=\"480\" src=\"https:\/\/i0.wp.com\/die-harzburg.de\/wp-content\/uploads\/2022\/10\/antonius.jpg?resize=720%2C480\" alt=\"\" class=\"wp-image-90\" srcset=\"https:\/\/i0.wp.com\/die-harzburg.de\/wp-content\/uploads\/2022\/10\/antonius-scaled.jpg?resize=1024%2C683&amp;ssl=1 1024w, https:\/\/i0.wp.com\/die-harzburg.de\/wp-content\/uploads\/2022\/10\/antonius-scaled.jpg?resize=300%2C200&amp;ssl=1 300w, https:\/\/i0.wp.com\/die-harzburg.de\/wp-content\/uploads\/2022\/10\/antonius-scaled.jpg?resize=768%2C512&amp;ssl=1 768w, https:\/\/i0.wp.com\/die-harzburg.de\/wp-content\/uploads\/2022\/10\/antonius-scaled.jpg?resize=1536%2C1024&amp;ssl=1 1536w, https:\/\/i0.wp.com\/die-harzburg.de\/wp-content\/uploads\/2022\/10\/antonius-scaled.jpg?resize=2048%2C1365&amp;ssl=1 2048w, https:\/\/i0.wp.com\/die-harzburg.de\/wp-content\/uploads\/2022\/10\/antonius-scaled.jpg?w=1440 1440w, https:\/\/i0.wp.com\/die-harzburg.de\/wp-content\/uploads\/2022\/10\/antonius-scaled.jpg?w=2160 2160w\" sizes=\"auto, (max-width: 720px) 100vw, 720px\" \/><\/figure>\n\n\n\n<h2 class=\"wp-block-heading\">Besinnungsweg<\/h2>\n\n\n\n<p>Wo einst im Jahr 1073 die Sachsen Kaiser Heinrich IV. in seiner Burganlage auf dem Gro\u00dfen Burgberg in Bad Harzburg belagerten, ist jetzt der \u201eBesinnungsweg\u201c rund um den \u201eSachsenberg\u201c. Mit einer L\u00e4nge von ca. 1,6 km und einigen leichten Steigungen, f\u00fchrt der Weg zu insgesamt acht Verweilpl\u00e4tzen, an denen rustikale Holzb\u00e4nke aufgestellt sind. Hinweistafeln an den einzelnen Stationen verweisen auf den jeweiligen Standort mit seinem besonderen Charakter. Der Weg um den Sachsenberg will zur Besinnung einladen und anregen, sich selbst zu finden \u2013 vielleicht sogar manches Verlorene wieder.<\/p>\n\n\n\n<blockquote class=\"wp-block-quote has-luminous-vivid-orange-background-color has-background is-layout-flow wp-block-quote-is-layout-flow\">\n<p>Hinweis: Dieser Themenwanderweg ist kein ausgewiesener Winterwanderweg! Aufgrund von Trockenheit und Borkenk\u00e4fersch\u00e4den ist der Weg nicht wie gewohnt \u201ehindernisfrei\u201c zu begehen.<\/p>\n<\/blockquote>\n\n\n\n<h4 class=\"wp-block-heading\">Gef\u00fchrte Wanderungen auf dem Besinnungsweg<\/h4>\n\n\n\n<p>Aktuelle Termine finden Sie im <strong><a href=\"https:\/\/www.bad-harzburg.de\/aktuell\/veranstaltungskalender\/\" target=\"_blank\" rel=\"noreferrer noopener\">Veranstaltungskalender<\/a><\/strong><\/p>\n\n\n\n<p>Treffpunkt: Tourist-Information<br>Nordh\u00e4user Stra\u00dfe 4, 38667 Bad Harzburg<br>Tel.: (05322) 75330<br>Mail: <a href=\"mailto:info@bad-harzburg.de\" target=\"_blank\" rel=\"noreferrer noopener\"><strong>info@bad-harzburg.de<\/strong><\/a><\/p>\n\n\n\n<p>Beginn: 10.15 Uhr | Dauer: ca. 2 Stunden<\/p>\n\n\n\n<p>Die Teilnahme an dieser Wanderung kostet ohne Fahrt mit der Burgberg-Seilbahn 5,00 \u20ac (mit G\u00e4stekarte 3,00 \u20ac). Anmeldung sowie weitere Informationen \u00fcber die Tourist-Information.<\/p>\n\n\n\n<h4 class=\"wp-block-heading\">Die Stationen auf dem Besinnungsweg<\/h4>\n\n\n\n<figure class=\"wp-block-image size-full\"><img data-recalc-dims=\"1\" loading=\"lazy\" decoding=\"async\" width=\"700\" height=\"451\" src=\"https:\/\/i0.wp.com\/die-harzburg.de\/wp-content\/uploads\/2022\/10\/platz-01.jpg?resize=700%2C451\" alt=\"\" class=\"wp-image-94\" srcset=\"https:\/\/i0.wp.com\/die-harzburg.de\/wp-content\/uploads\/2022\/10\/platz-01.jpg?w=700&amp;ssl=1 700w, https:\/\/i0.wp.com\/die-harzburg.de\/wp-content\/uploads\/2022\/10\/platz-01.jpg?resize=300%2C193&amp;ssl=1 300w\" sizes=\"auto, (max-width: 700px) 100vw, 700px\" \/><\/figure>\n\n\n\n<figure class=\"wp-block-image size-full\"><img data-recalc-dims=\"1\" loading=\"lazy\" decoding=\"async\" width=\"700\" height=\"462\" src=\"https:\/\/i0.wp.com\/die-harzburg.de\/wp-content\/uploads\/2022\/10\/platz-02.jpg?resize=700%2C462\" alt=\"\" class=\"wp-image-95\" srcset=\"https:\/\/i0.wp.com\/die-harzburg.de\/wp-content\/uploads\/2022\/10\/platz-02.jpg?w=700&amp;ssl=1 700w, https:\/\/i0.wp.com\/die-harzburg.de\/wp-content\/uploads\/2022\/10\/platz-02.jpg?resize=300%2C198&amp;ssl=1 300w\" sizes=\"auto, (max-width: 700px) 100vw, 700px\" \/><\/figure>\n\n\n\n<figure class=\"wp-block-image size-full\"><img data-recalc-dims=\"1\" loading=\"lazy\" decoding=\"async\" width=\"700\" height=\"672\" src=\"https:\/\/i0.wp.com\/die-harzburg.de\/wp-content\/uploads\/2022\/10\/platz-03.jpg?resize=700%2C672\" alt=\"\" class=\"wp-image-96\" srcset=\"https:\/\/i0.wp.com\/die-harzburg.de\/wp-content\/uploads\/2022\/10\/platz-03.jpg?w=700&amp;ssl=1 700w, https:\/\/i0.wp.com\/die-harzburg.de\/wp-content\/uploads\/2022\/10\/platz-03.jpg?resize=300%2C288&amp;ssl=1 300w\" sizes=\"auto, (max-width: 700px) 100vw, 700px\" \/><\/figure>\n\n\n\n<figure class=\"wp-block-image size-full\"><img data-recalc-dims=\"1\" loading=\"lazy\" decoding=\"async\" width=\"700\" height=\"688\" src=\"https:\/\/i0.wp.com\/die-harzburg.de\/wp-content\/uploads\/2022\/10\/platz-05.jpg?resize=700%2C688\" alt=\"\" class=\"wp-image-97\" srcset=\"https:\/\/i0.wp.com\/die-harzburg.de\/wp-content\/uploads\/2022\/10\/platz-05.jpg?w=700&amp;ssl=1 700w, https:\/\/i0.wp.com\/die-harzburg.de\/wp-content\/uploads\/2022\/10\/platz-05.jpg?resize=300%2C295&amp;ssl=1 300w\" sizes=\"auto, (max-width: 700px) 100vw, 700px\" \/><\/figure>\n\n\n\n<figure class=\"wp-block-image size-full\"><img data-recalc-dims=\"1\" loading=\"lazy\" decoding=\"async\" width=\"700\" height=\"691\" src=\"https:\/\/i0.wp.com\/die-harzburg.de\/wp-content\/uploads\/2022\/10\/platz-07.jpg?resize=700%2C691\" alt=\"\" class=\"wp-image-98\" srcset=\"https:\/\/i0.wp.com\/die-harzburg.de\/wp-content\/uploads\/2022\/10\/platz-07.jpg?w=700&amp;ssl=1 700w, https:\/\/i0.wp.com\/die-harzburg.de\/wp-content\/uploads\/2022\/10\/platz-07.jpg?resize=300%2C296&amp;ssl=1 300w\" sizes=\"auto, (max-width: 700px) 100vw, 700px\" \/><\/figure>\n","protected":false},"excerpt":{"rendered":"<p>Besinnungsweg Wo einst im Jahr 1073 die Sachsen Kaiser Heinrich IV. in seiner Burganlage auf dem Gro\u00dfen Burgberg in Bad Harzburg belagerten, ist jetzt der \u201eBesinnungsweg\u201c rund um den \u201eSachsenberg\u201c. Mit einer L\u00e4nge von ca. 1,6 km und einigen leichten<\/p>\n","protected":false},"author":1,"featured_media":0,"parent":37,"menu_order":0,"comment_status":"closed","ping_status":"closed","template":"","meta":{"footnotes":""},"class_list":["post-66","page","type-page","status-publish","hentry"],"jetpack_sharing_enabled":true,"_links":{"self":[{"href":"https:\/\/die-harzburg.de\/index.php?rest_route=\/wp\/v2\/pages\/66","targetHints":{"allow":["GET"]}}],"collection":[{"href":"https:\/\/die-harzburg.de\/index.php?rest_route=\/wp\/v2\/pages"}],"about":[{"href":"https:\/\/die-harzburg.de\/index.php?rest_route=\/wp\/v2\/types\/page"}],"author":[{"embeddable":true,"href":"https:\/\/die-harzburg.de\/index.php?rest_route=\/wp\/v2\/users\/1"}],"replies":[{"embeddable":true,"href":"https:\/\/die-harzburg.de\/index.php?rest_route=%2Fwp%2Fv2%2Fcomments&post=66"}],"version-history":[{"count":6,"href":"https:\/\/die-harzburg.de\/index.php?rest_route=\/wp\/v2\/pages\/66\/revisions"}],"predecessor-version":[{"id":1374,"href":"https:\/\/die-harzburg.de\/index.php?rest_route=\/wp\/v2\/pages\/66\/revisions\/1374"}],"up":[{"embeddable":true,"href":"https:\/\/die-harzburg.de\/index.php?rest_route=\/wp\/v2\/pages\/37"}],"wp:attachment":[{"href":"https:\/\/die-harzburg.de\/index.php?rest_route=%2Fwp%2Fv2%2Fmedia&parent=66"}],"curies":[{"name":"wp","href":"https:\/\/api.w.org\/{rel}","templated":true}]}}