{"id":37,"date":"2022-10-11T08:22:59","date_gmt":"2022-10-11T08:22:59","guid":{"rendered":"http:\/\/die-harzburg.de\/?page_id=37"},"modified":"2023-01-24T13:11:01","modified_gmt":"2023-01-24T13:11:01","slug":"wanderungen","status":"publish","type":"page","link":"https:\/\/die-harzburg.de\/?page_id=37","title":{"rendered":"Wanderungen"},"content":{"rendered":"\n<h2 class=\"wp-block-heading\">Auf dem Burgberg Geschichte erwandern<\/h2>\n\n\n\n<p>Auf und rund um den Bad Harzburger Burgberg kann man Geschichte erwandern, f\u00fcr sich allein, oder auf gef\u00fchrten Touren. Und der Besinnungsweg l\u00e4dt gleich auf dem n\u00e4chsten Gipfel, dem Sachsenberg, dazu ein, in der Natur zu sich selbst zu finden.<\/p>\n\n\n\n<div class=\"wp-block-media-text alignwide has-media-on-the-right is-stacked-on-mobile\"><div class=\"wp-block-media-text__content\">\n<h2 class=\"wp-block-heading\">Gef\u00fchrte Wanderungen<\/h2>\n\n\n\n<p>F\u00fchrungen ab 5 Personen, Termine und Infos:<\/p>\n\n\n\n<p>Wanderf\u00fchrer <strong>Reinhard Vierke<\/strong><\/p>\n\n\n\n<p><a href=\"mailto:viekie@t-online.de\"><strong>viekie@t-online.de<\/strong><\/a><\/p>\n\n\n\n<p>Mobil 01718694128<\/p>\n<\/div><figure class=\"wp-block-media-text__media\"><img data-recalc-dims=\"1\" loading=\"lazy\" decoding=\"async\" width=\"720\" height=\"480\" src=\"https:\/\/i0.wp.com\/die-harzburg.de\/wp-content\/uploads\/2022\/10\/wandergruppe.jpg?resize=720%2C480\" alt=\"\" class=\"wp-image-60 size-full\" srcset=\"https:\/\/i0.wp.com\/die-harzburg.de\/wp-content\/uploads\/2022\/10\/wandergruppe.jpg?resize=1024%2C682&amp;ssl=1 1024w, https:\/\/i0.wp.com\/die-harzburg.de\/wp-content\/uploads\/2022\/10\/wandergruppe.jpg?resize=300%2C200&amp;ssl=1 300w, https:\/\/i0.wp.com\/die-harzburg.de\/wp-content\/uploads\/2022\/10\/wandergruppe.jpg?resize=768%2C512&amp;ssl=1 768w, https:\/\/i0.wp.com\/die-harzburg.de\/wp-content\/uploads\/2022\/10\/wandergruppe.jpg?w=1280&amp;ssl=1 1280w\" sizes=\"auto, (max-width: 720px) 100vw, 720px\" \/><\/figure><\/div>\n\n\n\n<div class=\"wp-block-media-text alignwide has-media-on-the-right is-stacked-on-mobile\"><div class=\"wp-block-media-text__content\">\n<h2 class=\"wp-block-heading\">3-Burgen-Weg<\/h2>\n\n\n\n<p>Eine spannende Wanderung durch die deutsche Geschichte. Mit tiefen Einblicken und groartigen Ausblicken.<\/p>\n\n\n\n<p>Der Buchtipp zur Burgen-Tour:<\/p>\n\n\n\n<p><strong>\u201eDer Bad Harzburger Drei-Burgen-Weg\u201c<\/strong><\/p>\n\n\n\n<p>von Horst Woick und Sonja Weber<\/p>\n\n\n\n<p>Erh\u00e4ltlich in der <strong><a href=\"https:\/\/die-buecherheimat.de\/\">B\u00dcCHER-HEIMAT<\/a><\/strong>, Herzog-Wilhelm-Stra\u00dfe 64c, sowie in der Touristinformation<\/p>\n<\/div><figure class=\"wp-block-media-text__media\"><a href=\"http:\/\/die-harzburg.de\/?page_id=64\"><img data-recalc-dims=\"1\" loading=\"lazy\" decoding=\"async\" width=\"720\" height=\"405\" src=\"https:\/\/i0.wp.com\/die-harzburg.de\/wp-content\/uploads\/2022\/10\/3-Burgen-Cover.jpg?resize=720%2C405\" alt=\"\" class=\"wp-image-104 size-full\" srcset=\"https:\/\/i0.wp.com\/die-harzburg.de\/wp-content\/uploads\/2022\/10\/3-Burgen-Cover.jpg?resize=1024%2C576&amp;ssl=1 1024w, https:\/\/i0.wp.com\/die-harzburg.de\/wp-content\/uploads\/2022\/10\/3-Burgen-Cover.jpg?resize=300%2C169&amp;ssl=1 300w, https:\/\/i0.wp.com\/die-harzburg.de\/wp-content\/uploads\/2022\/10\/3-Burgen-Cover.jpg?resize=768%2C432&amp;ssl=1 768w, https:\/\/i0.wp.com\/die-harzburg.de\/wp-content\/uploads\/2022\/10\/3-Burgen-Cover.jpg?resize=1536%2C864&amp;ssl=1 1536w, https:\/\/i0.wp.com\/die-harzburg.de\/wp-content\/uploads\/2022\/10\/3-Burgen-Cover.jpg?w=2048&amp;ssl=1 2048w, https:\/\/i0.wp.com\/die-harzburg.de\/wp-content\/uploads\/2022\/10\/3-Burgen-Cover.jpg?w=1440 1440w\" sizes=\"auto, (max-width: 720px) 100vw, 720px\" \/><\/a><\/figure><\/div>\n\n\n\n<div class=\"wp-block-media-text alignwide has-media-on-the-right is-stacked-on-mobile\"><div class=\"wp-block-media-text__content\">\n<h2 class=\"wp-block-heading\">Besinnungsweg<\/h2>\n\n\n\n<p>Der Weg um den Sachsenberg mit seinen acht Stationen  will zur Besinnung einladen und anregen, sich selbst zu finden \u2013 vielleicht sogar manches Verlorene wieder&#8230;<\/p>\n<\/div><figure class=\"wp-block-media-text__media\"><a href=\"http:\/\/die-harzburg.de\/?page_id=66\"><img data-recalc-dims=\"1\" loading=\"lazy\" decoding=\"async\" width=\"720\" height=\"480\" src=\"https:\/\/i0.wp.com\/die-harzburg.de\/wp-content\/uploads\/2022\/10\/besinnungsweg_schild.jpg?resize=720%2C480\" alt=\"\" class=\"wp-image-62 size-full\" srcset=\"https:\/\/i0.wp.com\/die-harzburg.de\/wp-content\/uploads\/2022\/10\/besinnungsweg_schild.jpg?resize=1024%2C683&amp;ssl=1 1024w, https:\/\/i0.wp.com\/die-harzburg.de\/wp-content\/uploads\/2022\/10\/besinnungsweg_schild.jpg?resize=300%2C200&amp;ssl=1 300w, https:\/\/i0.wp.com\/die-harzburg.de\/wp-content\/uploads\/2022\/10\/besinnungsweg_schild.jpg?resize=768%2C512&amp;ssl=1 768w, https:\/\/i0.wp.com\/die-harzburg.de\/wp-content\/uploads\/2022\/10\/besinnungsweg_schild.jpg?resize=1536%2C1024&amp;ssl=1 1536w, https:\/\/i0.wp.com\/die-harzburg.de\/wp-content\/uploads\/2022\/10\/besinnungsweg_schild.jpg?resize=2048%2C1365&amp;ssl=1 2048w, https:\/\/i0.wp.com\/die-harzburg.de\/wp-content\/uploads\/2022\/10\/besinnungsweg_schild.jpg?w=1440 1440w, https:\/\/i0.wp.com\/die-harzburg.de\/wp-content\/uploads\/2022\/10\/besinnungsweg_schild.jpg?w=2160 2160w\" sizes=\"auto, (max-width: 720px) 100vw, 720px\" \/><\/a><\/figure><\/div>\n","protected":false},"excerpt":{"rendered":"<p>Auf dem Burgberg Geschichte erwandern Auf und rund um den Bad Harzburger Burgberg kann man Geschichte erwandern, f\u00fcr sich allein, oder auf gef\u00fchrten Touren. Und der Besinnungsweg l\u00e4dt gleich auf dem n\u00e4chsten Gipfel, dem Sachsenberg, dazu ein, in der Natur<\/p>\n","protected":false},"author":1,"featured_media":0,"parent":0,"menu_order":0,"comment_status":"closed","ping_status":"closed","template":"","meta":{"footnotes":""},"class_list":["post-37","page","type-page","status-publish","hentry"],"jetpack_sharing_enabled":true,"_links":{"self":[{"href":"https:\/\/die-harzburg.de\/index.php?rest_route=\/wp\/v2\/pages\/37","targetHints":{"allow":["GET"]}}],"collection":[{"href":"https:\/\/die-harzburg.de\/index.php?rest_route=\/wp\/v2\/pages"}],"about":[{"href":"https:\/\/die-harzburg.de\/index.php?rest_route=\/wp\/v2\/types\/page"}],"author":[{"embeddable":true,"href":"https:\/\/die-harzburg.de\/index.php?rest_route=\/wp\/v2\/users\/1"}],"replies":[{"embeddable":true,"href":"https:\/\/die-harzburg.de\/index.php?rest_route=%2Fwp%2Fv2%2Fcomments&post=37"}],"version-history":[{"count":7,"href":"https:\/\/die-harzburg.de\/index.php?rest_route=\/wp\/v2\/pages\/37\/revisions"}],"predecessor-version":[{"id":714,"href":"https:\/\/die-harzburg.de\/index.php?rest_route=\/wp\/v2\/pages\/37\/revisions\/714"}],"wp:attachment":[{"href":"https:\/\/die-harzburg.de\/index.php?rest_route=%2Fwp%2Fv2%2Fmedia&parent=37"}],"curies":[{"name":"wp","href":"https:\/\/api.w.org\/{rel}","templated":true}]}}