{"id":31,"date":"2022-10-11T08:18:36","date_gmt":"2022-10-11T08:18:36","guid":{"rendered":"http:\/\/die-harzburg.de\/?page_id=31"},"modified":"2025-06-16T08:02:29","modified_gmt":"2025-06-16T06:02:29","slug":"foerderverein","status":"publish","type":"page","link":"https:\/\/die-harzburg.de\/?page_id=31","title":{"rendered":"F\u00f6rderverein"},"content":{"rendered":"\n<h2 class=\"wp-block-heading\">F\u00f6rderverein Historischer Burgberg<\/h2>\n\n\n\n<p><strong>Unsere Ziele<\/strong><\/p>\n\n\n\n<p>a) F\u00f6rderung der Geschichtsforschung \u00fcber den Burgberg in Bad Harzburg und seiner Bauten.<\/p>\n\n\n\n<p>b) F\u00f6rderung der Bem\u00fchungen um den Erhalt der bestehenden Bauten und Geb\u00e4udereste im Burgbergbereich.<\/p>\n\n\n\n<p>c) F\u00f6rderung der Wiederherstellung einzelner historischer Geb\u00e4udeteile der Burganlage.<\/p>\n\n\n\n<p>d) F\u00f6rderung aller Ma\u00dfnahmen, die geeignet sind, die Attraktivit\u00e4t des Burgbergs unter Wahrung der historischen Gesamtentwicklung zu verbessern.<\/p>\n\n\n\n<p>e) Entwicklung, Ausbau und Pflege des Besinnungsweges.<\/p>\n\n\n\n<p>f) Entwicklung, Ausbau und Pflege eines historischen Rundweges.<\/p>\n\n\n\n<p>g) Fahrten zu historischen St\u00e4tten.<\/p>\n\n\n\n<p><strong>Seit der Gr\u00fcndung am 19. Dezember 1994 hat der F\u00f6rderverein Historischer Burgberg Bad Harzburg dank gro\u00dfz\u00fcgiger Unterst\u00fctzung aus der Bev\u00f6lkerung eine Vielzahl an Projekten umsetzen k\u00f6nnen. Darunter fallen:<\/strong><\/p>\n\n\n\n<ul class=\"wp-block-list\">\n<li>Die Beteiligung (200.000 Euro) an der Restaurierung der Turmreste aus der Zeit Otto lV.<\/li>\n\n\n\n<li>Renovierung und Erneuerung der Verbindungsmauern zwischen Turmstumpf und Burgbrunnen.<\/li>\n\n\n\n<li>Anlage des Besinnungsweges auf dem Sachsenberg.<\/li>\n\n\n\n<li>Bau einer Treppenanlage als neuer Zugang zum Burgplateau am S\u00fcdosttor der Burg.<\/li>\n\n\n\n<li>Aufstellung einer beeindruckenden \u201eKrodo-Statue\u201c auf dem Gro\u00dfen Burgberg.<\/li>\n\n\n\n<li>Aufstellung eines \u201eHarzburg-Diaskops\u201c auf der Eichenberg-Klippe.<\/li>\n\n\n\n<li>Gestaltung und Wegf\u00fchrung des Historischen Rundweges mit Informationsstelen (Deutsch\/Englisch).<\/li>\n\n\n\n<li>Aufstellung eines Modells der Harzburg auf dem Burgberg.<\/li>\n\n\n\n<li>Erneuerung des Bestandes an Ruheb\u00e4nken auf dem Burgberg.<\/li>\n\n\n\n<li>Restaurierung und die Illumination der Canossa-S\u00e4ule.<\/li>\n<\/ul>\n","protected":false},"excerpt":{"rendered":"<p>F\u00f6rderverein Historischer Burgberg Unsere Ziele a) F\u00f6rderung der Geschichtsforschung \u00fcber den Burgberg in Bad Harzburg und seiner Bauten. b) F\u00f6rderung der Bem\u00fchungen um den Erhalt der bestehenden Bauten und Geb\u00e4udereste im Burgbergbereich. c) F\u00f6rderung der Wiederherstellung einzelner historischer Geb\u00e4udeteile der<\/p>\n","protected":false},"author":1,"featured_media":0,"parent":0,"menu_order":0,"comment_status":"closed","ping_status":"closed","template":"","meta":{"footnotes":""},"class_list":["post-31","page","type-page","status-publish","hentry"],"jetpack_sharing_enabled":true,"_links":{"self":[{"href":"https:\/\/die-harzburg.de\/index.php?rest_route=\/wp\/v2\/pages\/31","targetHints":{"allow":["GET"]}}],"collection":[{"href":"https:\/\/die-harzburg.de\/index.php?rest_route=\/wp\/v2\/pages"}],"about":[{"href":"https:\/\/die-harzburg.de\/index.php?rest_route=\/wp\/v2\/types\/page"}],"author":[{"embeddable":true,"href":"https:\/\/die-harzburg.de\/index.php?rest_route=\/wp\/v2\/users\/1"}],"replies":[{"embeddable":true,"href":"https:\/\/die-harzburg.de\/index.php?rest_route=%2Fwp%2Fv2%2Fcomments&post=31"}],"version-history":[{"count":3,"href":"https:\/\/die-harzburg.de\/index.php?rest_route=\/wp\/v2\/pages\/31\/revisions"}],"predecessor-version":[{"id":1315,"href":"https:\/\/die-harzburg.de\/index.php?rest_route=\/wp\/v2\/pages\/31\/revisions\/1315"}],"wp:attachment":[{"href":"https:\/\/die-harzburg.de\/index.php?rest_route=%2Fwp%2Fv2%2Fmedia&parent=31"}],"curies":[{"name":"wp","href":"https:\/\/api.w.org\/{rel}","templated":true}]}}