{"id":252,"date":"2022-10-13T16:51:09","date_gmt":"2022-10-13T16:51:09","guid":{"rendered":"http:\/\/die-harzburg.de\/?page_id=252"},"modified":"2025-06-16T08:03:02","modified_gmt":"2025-06-16T06:03:02","slug":"spenden","status":"publish","type":"page","link":"https:\/\/die-harzburg.de\/?page_id=252","title":{"rendered":"Spenden"},"content":{"rendered":"\n<h2 class=\"wp-block-heading\">Spenden f\u00fcr unseren Burgberg<\/h2>\n\n\n\n<p>Der F\u00f6rderverein Historischer Burgberg Bad Harzburg e.V. finanziert seine vielf\u00e4ltigen Aufgaben und Projekte ausschlie\u00dflich \u00fcber <strong>Mitgliedsbeitr\u00e4ge und Spenden<\/strong>. Wenn auch Sie dazu beitragen wollen, den Burgberg und die Harzburg ins rechte Licht zu r\u00fccken und als &#8222;Hausberg&#8220; der Stadt Bad Harzburg zu erhalten, bitten wir Sie um Ihre Spende.<\/p>\n\n\n\n<p class=\"has-text-align-center has-medium-font-size\">Bankverbindung des F\u00f6rdervereins Historischer Burgberg Bad Harzburg e.V.<br>Harzer Volksbank eG   |   BIC:&nbsp;&nbsp;&nbsp;&nbsp;&nbsp; GENODEF1QLB   |   IBAN:&nbsp;&nbsp;&nbsp; DE93 8006 3508 5002 4094 00<\/p>\n\n\n\n<p class=\"has-text-align-center\">Auf Wunsch senden wir Ihnen eine <strong>Spendenbescheinigung <\/strong>zu.<\/p>\n\n\n\n<p><strong>Seit der Gr\u00fcndung am 19. Dezember 1994 hat der F\u00f6rderverein Historischer Burgberg Bad Harzburg dank gro\u00dfz\u00fcgiger Unterst\u00fctzung aus der Bev\u00f6lkerung eine Vielzahl an Projekten umsetzen k\u00f6nnen. Darunter fallen:<\/strong><\/p>\n\n\n\n<ul class=\"wp-block-list\">\n<li>Die Beteiligung (200.000 Euro) an der Restaurierung der Turmreste aus der Zeit Otto lV.<\/li>\n\n\n\n<li>Renovierung und Erneuerung der Verbindungsmauern zwischen Turmstumpf und Burgbrunnen.<\/li>\n\n\n\n<li>Anlage des Besinnungsweges auf dem Sachsenberg.<\/li>\n\n\n\n<li>Bau einer Treppenanlage als neuer Zugang zum Burgplateau am S\u00fcdosttor der Burg.<\/li>\n\n\n\n<li>Aufstellung einer beeindruckenden \u201eKrodo-Statue\u201c auf dem Gro\u00dfen Burgberg.<\/li>\n\n\n\n<li>Aufstellung eines \u201eHarzburg-Diaskops\u201c auf der Eichenberg-Klippe.<\/li>\n\n\n\n<li>Gestaltung und Wegf\u00fchrung des Historischen Rundweges mit Informationsstelen (Deutsch\/Englisch).<\/li>\n\n\n\n<li>Aufstellung eines Modells der Harzburg auf dem Burgberg.<\/li>\n\n\n\n<li>Erneuerung des Bestandes an Ruheb\u00e4nken auf dem Burgberg.<\/li>\n\n\n\n<li>Restaurierung und die Illumination der Canossa-S\u00e4ule.<\/li>\n<\/ul>\n","protected":false},"excerpt":{"rendered":"<p>Spenden f\u00fcr unseren Burgberg Der F\u00f6rderverein Historischer Burgberg Bad Harzburg e.V. finanziert seine vielf\u00e4ltigen Aufgaben und Projekte ausschlie\u00dflich \u00fcber Mitgliedsbeitr\u00e4ge und Spenden. Wenn auch Sie dazu beitragen wollen, den Burgberg und die Harzburg ins rechte Licht zu r\u00fccken und als<\/p>\n","protected":false},"author":1,"featured_media":0,"parent":31,"menu_order":0,"comment_status":"closed","ping_status":"closed","template":"","meta":{"footnotes":""},"class_list":["post-252","page","type-page","status-publish","hentry"],"jetpack_sharing_enabled":true,"_links":{"self":[{"href":"https:\/\/die-harzburg.de\/index.php?rest_route=\/wp\/v2\/pages\/252","targetHints":{"allow":["GET"]}}],"collection":[{"href":"https:\/\/die-harzburg.de\/index.php?rest_route=\/wp\/v2\/pages"}],"about":[{"href":"https:\/\/die-harzburg.de\/index.php?rest_route=\/wp\/v2\/types\/page"}],"author":[{"embeddable":true,"href":"https:\/\/die-harzburg.de\/index.php?rest_route=\/wp\/v2\/users\/1"}],"replies":[{"embeddable":true,"href":"https:\/\/die-harzburg.de\/index.php?rest_route=%2Fwp%2Fv2%2Fcomments&post=252"}],"version-history":[{"count":5,"href":"https:\/\/die-harzburg.de\/index.php?rest_route=\/wp\/v2\/pages\/252\/revisions"}],"predecessor-version":[{"id":1316,"href":"https:\/\/die-harzburg.de\/index.php?rest_route=\/wp\/v2\/pages\/252\/revisions\/1316"}],"up":[{"embeddable":true,"href":"https:\/\/die-harzburg.de\/index.php?rest_route=\/wp\/v2\/pages\/31"}],"wp:attachment":[{"href":"https:\/\/die-harzburg.de\/index.php?rest_route=%2Fwp%2Fv2%2Fmedia&parent=252"}],"curies":[{"name":"wp","href":"https:\/\/api.w.org\/{rel}","templated":true}]}}