{"id":213,"date":"2022-10-12T18:40:25","date_gmt":"2022-10-12T18:40:25","guid":{"rendered":"http:\/\/die-harzburg.de\/?page_id=213"},"modified":"2025-06-16T06:48:13","modified_gmt":"2025-06-16T04:48:13","slug":"zeittafel","status":"publish","type":"page","link":"https:\/\/die-harzburg.de\/?page_id=213","title":{"rendered":"Zeittafel"},"content":{"rendered":"\n<figure class=\"wp-block-image size-large\"><img data-recalc-dims=\"1\" loading=\"lazy\" decoding=\"async\" width=\"720\" height=\"458\" src=\"https:\/\/i0.wp.com\/die-harzburg.de\/wp-content\/uploads\/2022\/10\/RichterHarz-Zeichnung-03.jpg?resize=720%2C458\" alt=\"\" class=\"wp-image-215\" srcset=\"https:\/\/i0.wp.com\/die-harzburg.de\/wp-content\/uploads\/2022\/10\/RichterHarz-Zeichnung-03.jpg?resize=1024%2C652&amp;ssl=1 1024w, https:\/\/i0.wp.com\/die-harzburg.de\/wp-content\/uploads\/2022\/10\/RichterHarz-Zeichnung-03.jpg?resize=300%2C191&amp;ssl=1 300w, https:\/\/i0.wp.com\/die-harzburg.de\/wp-content\/uploads\/2022\/10\/RichterHarz-Zeichnung-03.jpg?resize=768%2C489&amp;ssl=1 768w, https:\/\/i0.wp.com\/die-harzburg.de\/wp-content\/uploads\/2022\/10\/RichterHarz-Zeichnung-03.jpg?resize=1536%2C978&amp;ssl=1 1536w, https:\/\/i0.wp.com\/die-harzburg.de\/wp-content\/uploads\/2022\/10\/RichterHarz-Zeichnung-03.jpg?resize=2048%2C1304&amp;ssl=1 2048w, https:\/\/i0.wp.com\/die-harzburg.de\/wp-content\/uploads\/2022\/10\/RichterHarz-Zeichnung-03.jpg?w=1440 1440w\" sizes=\"auto, (max-width: 720px) 100vw, 720px\" \/><figcaption class=\"wp-element-caption\"><strong>Werk von Ludwig Richter in dem Buch \u201eWanderung durch den Harz: Mit 30 Stahlstichen\u201c aus dem Jahr 1838. Foto: Wikipedia<\/strong><\/figcaption><\/figure>\n\n\n\n<h2 class=\"wp-block-heading\">Die Harzburg \u2013 Eine Zeittafel<\/h2>\n\n\n\n<p><strong>ca. 8. Jahrhundert:<\/strong> Der \u00dcberlieferung nach Standort des s\u00e4chsischen Gottes Krodo.&nbsp;&nbsp;&nbsp;&nbsp;&nbsp;&nbsp;&nbsp;&nbsp;&nbsp;&nbsp;&nbsp;&nbsp;&nbsp;&nbsp;&nbsp;&nbsp;&nbsp;&nbsp;&nbsp;&nbsp;&nbsp;&nbsp;&nbsp;&nbsp;&nbsp;&nbsp;&nbsp;&nbsp;&nbsp;&nbsp;&nbsp;&nbsp;&nbsp;&nbsp;&nbsp;&nbsp;&nbsp;&nbsp;&nbsp;&nbsp;&nbsp;&nbsp;<\/p>\n\n\n\n<p><strong>1065 \u2013 1068:<\/strong> Burgbau durch Kaiser Heinrich lV.<\/p>\n\n\n\n<p><strong>1073:<\/strong> Sachsenaufstand. Flucht aus Goslar auf die Harzburg. Belagerung der Burg.<\/p>\n\n\n\n<p><strong>9.\/10. August 1073:<\/strong> In der Nacht flieht Heinrich lV. von der Burg in den S\u00fcdharz.&nbsp;&nbsp;&nbsp;&nbsp;&nbsp;&nbsp;&nbsp;&nbsp;&nbsp;&nbsp;&nbsp;&nbsp;&nbsp;&nbsp;&nbsp;&nbsp;&nbsp;&nbsp;&nbsp; &nbsp;&nbsp;&nbsp;&nbsp;&nbsp;&nbsp;&nbsp;<\/p>\n\n\n\n<p><strong>2. Februar 1074:<\/strong> Vertrag von Gerstungen. Die Zerst\u00f6rung der Burg wird beschlossen.<\/p>\n\n\n\n<p><strong>1074:<\/strong> Die Burg wird von den Sachsen zerst\u00f6rt.<\/p>\n\n\n\n<p><strong>9. Juni 1075:<\/strong> Heinrich lV. besiegt die Sachsen bei Hohenburg an der&nbsp; Unstrut.&nbsp;&nbsp;&nbsp;&nbsp;&nbsp;&nbsp;&nbsp;<\/p>\n\n\n\n<div class=\"wp-block-media-text alignwide has-media-on-the-right is-stacked-on-mobile\"><div class=\"wp-block-media-text__content\">\n<p>Aus einem Evangeliar aus St. Emmeram, nach 1106: In der oberen Reihe Kaiser Heinrich IV. <em>(Heinricus imperator)<\/em> zwischen seinen S\u00f6hnen. Ihm zur Linken Konrad <em>(Chuonradus)<\/em>, der 1101 in Opposition zu seinem Vater verstorben war, und zu seiner Rechten Heinrich V. <em>(Heinricus rex)<\/em> mit dem f\u00fcr ihn typischen Schnurrbart. In der unteren Reihe die drei \u00c4bte Hl. Ramwold (974\u20131000), Eberhard (1060\u20131068) und Rupert (1068\u20131095) des Klosters St. Emmeram in Regensburg. Zum Ausdruck gebracht wird der Gedanke der dynastischen Kontinuit\u00e4t: Beide S\u00f6hne stehen trotz ihrer Rebellionen in gleicher herrscherlicher Haltung mit den gleichen Insignien in den H\u00e4nden eintr\u00e4chtig neben ihrem Vater. Krakau, Bibliothek des Domkapitels<\/p>\n<\/div><figure class=\"wp-block-media-text__media\"><img data-recalc-dims=\"1\" loading=\"lazy\" decoding=\"async\" width=\"720\" height=\"840\" src=\"https:\/\/i0.wp.com\/die-harzburg.de\/wp-content\/uploads\/2022\/10\/Heinrich_im_Evangeliar_von_St._Emmeram.jpg?resize=720%2C840\" alt=\"\" class=\"wp-image-217 size-full\" srcset=\"https:\/\/i0.wp.com\/die-harzburg.de\/wp-content\/uploads\/2022\/10\/Heinrich_im_Evangeliar_von_St._Emmeram.jpg?w=864&amp;ssl=1 864w, https:\/\/i0.wp.com\/die-harzburg.de\/wp-content\/uploads\/2022\/10\/Heinrich_im_Evangeliar_von_St._Emmeram.jpg?resize=257%2C300&amp;ssl=1 257w, https:\/\/i0.wp.com\/die-harzburg.de\/wp-content\/uploads\/2022\/10\/Heinrich_im_Evangeliar_von_St._Emmeram.jpg?resize=768%2C896&amp;ssl=1 768w\" sizes=\"auto, (max-width: 720px) 100vw, 720px\" \/><\/figure><\/div>\n\n\n\n<p><strong>1076:<\/strong> Die Burg wird teilweise wieder hergestellt.<\/p>\n\n\n\n<p><strong>1180:<\/strong> Barbarossa baut die Burg weiter aus, macht sie zur Reichsfestung und belehnt damit die&nbsp;Grafen von Wohldenberg.<\/p>\n\n\n\n<p><strong>19. Mai 1218:<\/strong> Kaiser Otto lV. stirbt auf der Harzburg. In seinem Testament finden sich Hinweise auf den Bau eines Turmes&nbsp; (Pulverturm). In diesem wurden 1210 die Reichsinsignien aufbewahrt.&nbsp;&nbsp;&nbsp;<\/p>\n\n\n\n<p>In den n\u00e4chsten 300 Jahren wechselt die Burg mehrmals den Besitzer, bis im Jahr&#8230;<\/p>\n\n\n\n<p><strong>1650<\/strong> Herzog August der J\u00fcngere die Burg abrei\u00dfen lie\u00df.<\/p>\n\n\n\n<p><strong>1877:<\/strong> Aufstellung der Canossa-S\u00e4ule auf dem Burgberg.<\/p>\n\n\n\n<p><strong>1900 \u2013 1908: <\/strong>Ausgrabungen auf dem Burgberg durch Forstrat Nehring.<\/p>\n\n\n\n<p><strong>1959: <\/strong>Testgrabung des Braunschweigischen Landesmuseums.<\/p>\n\n\n\n<p><strong>1970 \u2013 1975:<\/strong> Grabung durch Landeskonservatorin Maria Keibel-Maier.<\/p>\n\n\n\n<p><strong>19. Dezember 1994:<\/strong> Der F\u00f6rderverein Historischer Burgberg wird gegr\u00fcndet.<\/p>\n\n\n\n<p><strong>12. Mai 1996: <\/strong>Zur Restaurierung der Turmreste aus der Zeit Otto lV. hat der F\u00f6rderverein mit Hilfe der Kurbetriebsgesellschaft und anderen wichtigen Sponsoren 200.000 DM beigesteuert.<\/p>\n\n\n\n<p><strong>In den darauffolgenden Jahren war der F\u00f6rderverein sehr aktiv und konnte mehrere Projekte erfolgreich abschlie\u00dfen.&nbsp;&nbsp;<\/strong><\/p>\n\n\n\n<p>+++ Die Renovierung und Erneuerung der Verbindungsmauern zwischen den Turmstumpf von Otto IV. und dem Burgbrunnen.<\/p>\n\n\n\n<p>+++ Anlage eines Besinnungsweges auf dem Sachsenberg.<\/p>\n\n\n\n<p>+++ 2010 Neugestaltung und Erweiterung des Besinnungsweges auf dem Sachsenberg erfolgreich vollendet.<\/p>\n\n\n\n<p>+++ Der Neubau einer Treppenanlage als neuer Zugang zum Burgplateau am S\u00fcdosttor der Burg.<\/p>\n\n\n\n<p>+++ Die Aufstellung einer beeindruckenden \u201eKrodo-Statue\u201c auf dem Gro\u00dfen Burgberg.<\/p>\n\n\n\n<p>+++ Die Aufstellung eines \u201eHarzburg-Diaskops\u201c auf der Eichenberg-Klippe.<\/p>\n\n\n\n<p>+++ Gestaltung und Wegf\u00fchrung des Historischen Rundweges werden im Jahr 2012 abgeschlossen. Der F\u00f6rderverein und die KTW haben Informationsstelen mit Bildern und Texten auf Deutsch und Englisch aufgestellt. Der Weg soll in den kommenden Jahren um weitere Stelen und Figuren erweitert werden.&nbsp;<\/p>\n\n\n\n<p>+++ Im Jahr 2012 wird ein Modell der Burg im Auftrag gegeben, dass zwei Jahre sp\u00e4ter auf dem Burgberg aufgestellt wird.<\/p>\n\n\n\n<p>+++ Instandhaltung der B\u00e4nke und Pflege des Besinnungsweges werden 2015 realisiert.&nbsp;&nbsp;&nbsp;&nbsp;&nbsp;&nbsp;&nbsp;&nbsp;&nbsp;&nbsp;&nbsp;&nbsp;&nbsp;&nbsp;&nbsp;&nbsp;&nbsp;&nbsp;&nbsp;&nbsp;&nbsp;&nbsp;&nbsp;&nbsp;&nbsp;&nbsp;&nbsp;&nbsp;<\/p>\n\n\n\n<p>+++ Dank gro\u00dfz\u00fcgiger Spenden umgesetzt wurden die Restaurierung und die Illumination der Canossa-S\u00e4ule.<\/p>\n","protected":false},"excerpt":{"rendered":"<p>Die Harzburg \u2013 Eine Zeittafel ca. 8. Jahrhundert: Der \u00dcberlieferung nach Standort des s\u00e4chsischen Gottes Krodo.&nbsp;&nbsp;&nbsp;&nbsp;&nbsp;&nbsp;&nbsp;&nbsp;&nbsp;&nbsp;&nbsp;&nbsp;&nbsp;&nbsp;&nbsp;&nbsp;&nbsp;&nbsp;&nbsp;&nbsp;&nbsp;&nbsp;&nbsp;&nbsp;&nbsp;&nbsp;&nbsp;&nbsp;&nbsp;&nbsp;&nbsp;&nbsp;&nbsp;&nbsp;&nbsp;&nbsp;&nbsp;&nbsp;&nbsp;&nbsp;&nbsp;&nbsp; 1065 \u2013 1068: Burgbau durch Kaiser Heinrich lV. 1073: Sachsenaufstand. Flucht aus Goslar auf die Harzburg. Belagerung der Burg. 9.\/10. August 1073: In der<\/p>\n","protected":false},"author":1,"featured_media":0,"parent":169,"menu_order":0,"comment_status":"closed","ping_status":"closed","template":"","meta":{"footnotes":""},"class_list":["post-213","page","type-page","status-publish","hentry"],"jetpack_sharing_enabled":true,"_links":{"self":[{"href":"https:\/\/die-harzburg.de\/index.php?rest_route=\/wp\/v2\/pages\/213","targetHints":{"allow":["GET"]}}],"collection":[{"href":"https:\/\/die-harzburg.de\/index.php?rest_route=\/wp\/v2\/pages"}],"about":[{"href":"https:\/\/die-harzburg.de\/index.php?rest_route=\/wp\/v2\/types\/page"}],"author":[{"embeddable":true,"href":"https:\/\/die-harzburg.de\/index.php?rest_route=\/wp\/v2\/users\/1"}],"replies":[{"embeddable":true,"href":"https:\/\/die-harzburg.de\/index.php?rest_route=%2Fwp%2Fv2%2Fcomments&post=213"}],"version-history":[{"count":4,"href":"https:\/\/die-harzburg.de\/index.php?rest_route=\/wp\/v2\/pages\/213\/revisions"}],"predecessor-version":[{"id":1305,"href":"https:\/\/die-harzburg.de\/index.php?rest_route=\/wp\/v2\/pages\/213\/revisions\/1305"}],"up":[{"embeddable":true,"href":"https:\/\/die-harzburg.de\/index.php?rest_route=\/wp\/v2\/pages\/169"}],"wp:attachment":[{"href":"https:\/\/die-harzburg.de\/index.php?rest_route=%2Fwp%2Fv2%2Fmedia&parent=213"}],"curies":[{"name":"wp","href":"https:\/\/api.w.org\/{rel}","templated":true}]}}