{"id":1647,"date":"2025-12-25T09:27:06","date_gmt":"2025-12-25T08:27:06","guid":{"rendered":"https:\/\/die-harzburg.de\/?page_id=1647"},"modified":"2025-12-25T09:29:05","modified_gmt":"2025-12-25T08:29:05","slug":"stadtgeschichte","status":"publish","type":"page","link":"https:\/\/die-harzburg.de\/?page_id=1647","title":{"rendered":"Stadtgeschichte"},"content":{"rendered":"\n<h2 class=\"wp-block-heading\">Links zur Historie Bad Harzburgs und der Harzburg<\/h2>\n\n\n\n<p>Wenn Sie sich f\u00fcr die Harzburg interessieren, sind Sie bei uns ohne Frage gut aufgehoben. Aber selbstverst\u00e4ndlich gibt es noch weitere Websites, die sich mit der Historie Bad Harzburgs und der Harzburg befassen. Auf einige gute lokale Angebote wollen wir an dieser Stelle verweisen:<\/p>\n\n\n\n<div class=\"wp-block-media-text is-stacked-on-mobile\" style=\"grid-template-columns:25% auto\"><figure class=\"wp-block-media-text__media\"><img data-recalc-dims=\"1\" loading=\"lazy\" decoding=\"async\" width=\"720\" height=\"572\" src=\"https:\/\/i0.wp.com\/die-harzburg.de\/wp-content\/uploads\/2025\/12\/Harzklub-Remise-1024x814.png?resize=720%2C572&#038;ssl=1\" alt=\"\" class=\"wp-image-1648 size-full\" srcset=\"https:\/\/i0.wp.com\/die-harzburg.de\/wp-content\/uploads\/2025\/12\/Harzklub-Remise.png?resize=1024%2C814&amp;ssl=1 1024w, https:\/\/i0.wp.com\/die-harzburg.de\/wp-content\/uploads\/2025\/12\/Harzklub-Remise.png?resize=300%2C239&amp;ssl=1 300w, https:\/\/i0.wp.com\/die-harzburg.de\/wp-content\/uploads\/2025\/12\/Harzklub-Remise.png?resize=768%2C611&amp;ssl=1 768w, https:\/\/i0.wp.com\/die-harzburg.de\/wp-content\/uploads\/2025\/12\/Harzklub-Remise.png?resize=1536%2C1221&amp;ssl=1 1536w, https:\/\/i0.wp.com\/die-harzburg.de\/wp-content\/uploads\/2025\/12\/Harzklub-Remise.png?resize=2048%2C1628&amp;ssl=1 2048w, https:\/\/i0.wp.com\/die-harzburg.de\/wp-content\/uploads\/2025\/12\/Harzklub-Remise.png?w=1440 1440w, https:\/\/i0.wp.com\/die-harzburg.de\/wp-content\/uploads\/2025\/12\/Harzklub-Remise.png?w=2160 2160w\" sizes=\"auto, (max-width: 720px) 100vw, 720px\" \/><\/figure><div class=\"wp-block-media-text__content\">\n<p class=\"has-medium-font-size\"><strong><a href=\"https:\/\/harzklub-badharzburg.de\/remise\/\" target=\"_blank\" rel=\"noreferrer noopener\">Harzklub Bad Harzburg &amp; Remise<\/a><\/strong><\/p>\n\n\n\n<p>Sowohl virtuell wie auch analog einen Besuch wert ist die Remise des Harzklubs Bad Harzburg. In dem interessanten Heimatmuseum werden in dem vom Braunschweigischen Landesmuseum gestalteten Burgbergzimmer im Dachgeschoss Ausgrabungsst\u00fccke der alten Harzburg auf dem Burgberg pr\u00e4sentiert.<\/p>\n<\/div><\/div>\n\n\n\n<hr class=\"wp-block-separator has-alpha-channel-opacity is-style-wide\"\/>\n\n\n\n<div class=\"wp-block-media-text is-stacked-on-mobile\" style=\"grid-template-columns:25% auto\"><figure class=\"wp-block-media-text__media\"><img data-recalc-dims=\"1\" loading=\"lazy\" decoding=\"async\" width=\"720\" height=\"654\" src=\"https:\/\/i0.wp.com\/die-harzburg.de\/wp-content\/uploads\/2025\/12\/horst-woick-archiv-1024x930.png?resize=720%2C654&#038;ssl=1\" alt=\"\" class=\"wp-image-1649 size-full\" srcset=\"https:\/\/i0.wp.com\/die-harzburg.de\/wp-content\/uploads\/2025\/12\/horst-woick-archiv.png?resize=1024%2C930&amp;ssl=1 1024w, https:\/\/i0.wp.com\/die-harzburg.de\/wp-content\/uploads\/2025\/12\/horst-woick-archiv.png?resize=300%2C272&amp;ssl=1 300w, https:\/\/i0.wp.com\/die-harzburg.de\/wp-content\/uploads\/2025\/12\/horst-woick-archiv.png?resize=768%2C698&amp;ssl=1 768w, https:\/\/i0.wp.com\/die-harzburg.de\/wp-content\/uploads\/2025\/12\/horst-woick-archiv.png?resize=1536%2C1395&amp;ssl=1 1536w, https:\/\/i0.wp.com\/die-harzburg.de\/wp-content\/uploads\/2025\/12\/horst-woick-archiv.png?w=1961&amp;ssl=1 1961w, https:\/\/i0.wp.com\/die-harzburg.de\/wp-content\/uploads\/2025\/12\/horst-woick-archiv.png?w=1440 1440w\" sizes=\"auto, (max-width: 720px) 100vw, 720px\" \/><\/figure><div class=\"wp-block-media-text__content\">\n<p class=\"has-medium-font-size\"><strong><a href=\"https:\/\/horst-woick-archiv.de\/\" target=\"_blank\" rel=\"noreferrer noopener\">Das Horst Woick-Archiv<\/a><\/strong><\/p>\n\n\n\n<p>Horst Woick ist Ehrenvorsitzender des F\u00f6rdervereins Historischer Burgberg, hat in jungen Jahren in Harzer Gruben unter Tage gearbeitet und lenkte sp\u00e4ter die Geschicke Bad Harzburg als Kurdirektor mit. Seine vielf\u00e4ltigen Sammlungen hat er der <strong><a href=\"https:\/\/bad-harzburg-stiftung.de\/\" target=\"_blank\" rel=\"noreferrer noopener\">Bad Harzburg-Stiftung<\/a><\/strong> als Zustiftung \u00fcbertragen, diese hat es \u00fcbernommen, die Exponate online zug\u00e4nglich zu machen.<\/p>\n<\/div><\/div>\n\n\n\n<hr class=\"wp-block-separator has-alpha-channel-opacity is-style-wide\"\/>\n\n\n\n<div class=\"wp-block-media-text is-stacked-on-mobile\" style=\"grid-template-columns:25% auto\"><figure class=\"wp-block-media-text__media\"><img data-recalc-dims=\"1\" loading=\"lazy\" decoding=\"async\" width=\"720\" height=\"659\" src=\"https:\/\/i0.wp.com\/die-harzburg.de\/wp-content\/uploads\/2025\/12\/archiv-harry-plaster-1024x937.png?resize=720%2C659&#038;ssl=1\" alt=\"\" class=\"wp-image-1650 size-full\" srcset=\"https:\/\/i0.wp.com\/die-harzburg.de\/wp-content\/uploads\/2025\/12\/archiv-harry-plaster.png?resize=1024%2C937&amp;ssl=1 1024w, https:\/\/i0.wp.com\/die-harzburg.de\/wp-content\/uploads\/2025\/12\/archiv-harry-plaster.png?resize=300%2C274&amp;ssl=1 300w, https:\/\/i0.wp.com\/die-harzburg.de\/wp-content\/uploads\/2025\/12\/archiv-harry-plaster.png?resize=768%2C703&amp;ssl=1 768w, https:\/\/i0.wp.com\/die-harzburg.de\/wp-content\/uploads\/2025\/12\/archiv-harry-plaster.png?resize=1536%2C1405&amp;ssl=1 1536w, https:\/\/i0.wp.com\/die-harzburg.de\/wp-content\/uploads\/2025\/12\/archiv-harry-plaster.png?w=1972&amp;ssl=1 1972w, https:\/\/i0.wp.com\/die-harzburg.de\/wp-content\/uploads\/2025\/12\/archiv-harry-plaster.png?w=1440 1440w\" sizes=\"auto, (max-width: 720px) 100vw, 720px\" \/><\/figure><div class=\"wp-block-media-text__content\">\n<p class=\"has-medium-font-size\"><strong><a href=\"https:\/\/archiv-harry-plaster.de\/\" target=\"_blank\" rel=\"noreferrer noopener\">Das Harry Plaster-Archiv<\/a><\/strong><\/p>\n\n\n\n<p>Harry Plaster ist ohne Frage die erste Adresse, wenn es um Einblicke in die Bad Harzburger Geschichte geht. Fast ein halbes Jahrhundert hat er Exponate zusammengetragen, die er als eine der tragenden S\u00e4ulen vom Start weg auf <strong><a href=\"https:\/\/harz-history.de\/start\" target=\"_blank\" rel=\"noreferrer noopener\">Harz-History<\/a><\/strong> (Fotos) und jetzt auch auf seiner eigenen, von der <strong><a href=\"https:\/\/bad-harzburg-stiftung.de\/\" target=\"_blank\" rel=\"noreferrer noopener\">Bad Harzburg-Stiftung<\/a><\/strong> unterst\u00fctzten Website (Vortr\u00e4ge, Pr\u00e4sentationen) \u00f6ffentlich zug\u00e4nglich macht.<\/p>\n<\/div><\/div>\n\n\n\n<hr class=\"wp-block-separator has-alpha-channel-opacity is-style-wide\"\/>\n\n\n\n<div class=\"wp-block-media-text is-stacked-on-mobile\" style=\"grid-template-columns:25% auto\"><figure class=\"wp-block-media-text__media\"><img data-recalc-dims=\"1\" loading=\"lazy\" decoding=\"async\" width=\"720\" height=\"591\" src=\"https:\/\/i0.wp.com\/die-harzburg.de\/wp-content\/uploads\/2025\/12\/harzhistory-1024x841.png?resize=720%2C591&#038;ssl=1\" alt=\"\" class=\"wp-image-1651 size-full\" srcset=\"https:\/\/i0.wp.com\/die-harzburg.de\/wp-content\/uploads\/2025\/12\/harzhistory.png?resize=1024%2C841&amp;ssl=1 1024w, https:\/\/i0.wp.com\/die-harzburg.de\/wp-content\/uploads\/2025\/12\/harzhistory.png?resize=300%2C246&amp;ssl=1 300w, https:\/\/i0.wp.com\/die-harzburg.de\/wp-content\/uploads\/2025\/12\/harzhistory.png?resize=768%2C631&amp;ssl=1 768w, https:\/\/i0.wp.com\/die-harzburg.de\/wp-content\/uploads\/2025\/12\/harzhistory.png?resize=1536%2C1262&amp;ssl=1 1536w, https:\/\/i0.wp.com\/die-harzburg.de\/wp-content\/uploads\/2025\/12\/harzhistory.png?resize=2048%2C1683&amp;ssl=1 2048w, https:\/\/i0.wp.com\/die-harzburg.de\/wp-content\/uploads\/2025\/12\/harzhistory.png?w=1440 1440w\" sizes=\"auto, (max-width: 720px) 100vw, 720px\" \/><\/figure><div class=\"wp-block-media-text__content\">\n<p class=\"has-medium-font-size\"><strong><a href=\"https:\/\/harz-history.de\/start\" target=\"_blank\" rel=\"noreferrer noopener\">Harz-History-Fotoarchiv<\/a><\/strong><\/p>\n\n\n\n<p>In privaten Sammlungen, in Archiven und Museen im Harz lagern Sch\u00e4tze \u2013 die bisweilen selten das Publikum finden, das sie verdienen. Mit Unterst\u00fctzung von Student*innen des <strong><a href=\"https:\/\/hpi.de\/\" target=\"_blank\" rel=\"noreferrer noopener\">Hasso-Plattner-Instituts <\/a><\/strong>Potsdam wird daran gearbeitet, mit Harz-History ein lebendiges Schaufenster in die Harzer Historie zu \u00f6ffnen und Lust auf Besuche in den Harzer Museen zu machen. Die Website wird von der <strong><a href=\"https:\/\/bad-harzburg-stiftung.de\/\" target=\"_blank\" rel=\"noreferrer noopener\">Bad Harzburg-Stiftung<\/a><\/strong> getragen.<\/p>\n<\/div><\/div>\n\n\n\n<hr class=\"wp-block-separator has-alpha-channel-opacity is-style-wide\"\/>\n\n\n\n<div class=\"wp-block-media-text is-stacked-on-mobile\" style=\"grid-template-columns:25% auto\"><figure class=\"wp-block-media-text__media\"><img data-recalc-dims=\"1\" loading=\"lazy\" decoding=\"async\" width=\"720\" height=\"702\" src=\"https:\/\/i0.wp.com\/die-harzburg.de\/wp-content\/uploads\/2025\/12\/uhlenklippenspiegel-1024x999.png?resize=720%2C702&#038;ssl=1\" alt=\"\" class=\"wp-image-1652 size-full\" srcset=\"https:\/\/i0.wp.com\/die-harzburg.de\/wp-content\/uploads\/2025\/12\/uhlenklippenspiegel.png?resize=1024%2C999&amp;ssl=1 1024w, https:\/\/i0.wp.com\/die-harzburg.de\/wp-content\/uploads\/2025\/12\/uhlenklippenspiegel.png?resize=300%2C293&amp;ssl=1 300w, https:\/\/i0.wp.com\/die-harzburg.de\/wp-content\/uploads\/2025\/12\/uhlenklippenspiegel.png?resize=768%2C749&amp;ssl=1 768w, https:\/\/i0.wp.com\/die-harzburg.de\/wp-content\/uploads\/2025\/12\/uhlenklippenspiegel.png?resize=1536%2C1499&amp;ssl=1 1536w, https:\/\/i0.wp.com\/die-harzburg.de\/wp-content\/uploads\/2025\/12\/uhlenklippenspiegel.png?w=1851&amp;ssl=1 1851w, https:\/\/i0.wp.com\/die-harzburg.de\/wp-content\/uploads\/2025\/12\/uhlenklippenspiegel.png?w=1440 1440w\" sizes=\"auto, (max-width: 720px) 100vw, 720px\" \/><\/figure><div class=\"wp-block-media-text__content\">\n<p class=\"has-medium-font-size\"><strong><a href=\"https:\/\/blog.harz-history.de\/\">Der Uhlenklippenspiegel<\/a><\/strong><\/p>\n\n\n\n<p>Der Uhlenklippenspiegel ist weit mehr als die Vereinszeitschrift des Harzburger Geschichtsvereins. Mit seinen vielf\u00e4ltigen Beitr\u00e4gen ist der Uhlenklippenspiegel ein unglaublicher Schatz f\u00fcr alle, die sich f\u00fcr die Historie ihrer Harzer und speziell ihrer Bad Harzburger Heimat interessieren. Und es ist ein Schatz, der gerade im Online-Archiv aller Ausgaben seit dem Start 1986 viele funkelnde Facetten aufweist. Die Website wird von der <strong><a href=\"https:\/\/bad-harzburg-stiftung.de\/\" target=\"_blank\" rel=\"noreferrer noopener\">Bad Harzburg-Stiftung<\/a><\/strong> unterst\u00fctzt.<\/p>\n<\/div><\/div>\n\n\n\n<hr class=\"wp-block-separator has-alpha-channel-opacity is-style-wide\"\/>\n","protected":false},"excerpt":{"rendered":"<p>Links zur Historie Bad Harzburgs und der Harzburg Wenn Sie sich f\u00fcr die Harzburg interessieren, sind Sie bei uns ohne Frage gut aufgehoben. Aber selbstverst\u00e4ndlich gibt es noch weitere Websites, die sich mit der Historie Bad Harzburgs und der Harzburg<\/p>\n","protected":false},"author":1,"featured_media":0,"parent":0,"menu_order":0,"comment_status":"closed","ping_status":"closed","template":"","meta":{"footnotes":""},"class_list":["post-1647","page","type-page","status-publish","hentry"],"jetpack_sharing_enabled":true,"_links":{"self":[{"href":"https:\/\/die-harzburg.de\/index.php?rest_route=\/wp\/v2\/pages\/1647","targetHints":{"allow":["GET"]}}],"collection":[{"href":"https:\/\/die-harzburg.de\/index.php?rest_route=\/wp\/v2\/pages"}],"about":[{"href":"https:\/\/die-harzburg.de\/index.php?rest_route=\/wp\/v2\/types\/page"}],"author":[{"embeddable":true,"href":"https:\/\/die-harzburg.de\/index.php?rest_route=\/wp\/v2\/users\/1"}],"replies":[{"embeddable":true,"href":"https:\/\/die-harzburg.de\/index.php?rest_route=%2Fwp%2Fv2%2Fcomments&post=1647"}],"version-history":[{"count":3,"href":"https:\/\/die-harzburg.de\/index.php?rest_route=\/wp\/v2\/pages\/1647\/revisions"}],"predecessor-version":[{"id":1655,"href":"https:\/\/die-harzburg.de\/index.php?rest_route=\/wp\/v2\/pages\/1647\/revisions\/1655"}],"wp:attachment":[{"href":"https:\/\/die-harzburg.de\/index.php?rest_route=%2Fwp%2Fv2%2Fmedia&parent=1647"}],"curies":[{"name":"wp","href":"https:\/\/api.w.org\/{rel}","templated":true}]}}