{"id":162,"date":"2022-10-12T14:43:42","date_gmt":"2022-10-12T14:43:42","guid":{"rendered":"http:\/\/die-harzburg.de\/?page_id=162"},"modified":"2022-10-12T14:43:42","modified_gmt":"2022-10-12T14:43:42","slug":"kleiner-burgberg","status":"publish","type":"page","link":"https:\/\/die-harzburg.de\/?page_id=162","title":{"rendered":"Kleiner Burgberg"},"content":{"rendered":"\n<figure class=\"wp-block-image alignwide size-full\"><img data-recalc-dims=\"1\" loading=\"lazy\" decoding=\"async\" width=\"677\" height=\"306\" src=\"https:\/\/i0.wp.com\/die-harzburg.de\/wp-content\/uploads\/2022\/10\/dreier-kleiner-burgberg.jpg?resize=677%2C306\" alt=\"\" class=\"wp-image-164\" srcset=\"https:\/\/i0.wp.com\/die-harzburg.de\/wp-content\/uploads\/2022\/10\/dreier-kleiner-burgberg.jpg?w=677&amp;ssl=1 677w, https:\/\/i0.wp.com\/die-harzburg.de\/wp-content\/uploads\/2022\/10\/dreier-kleiner-burgberg.jpg?resize=300%2C136&amp;ssl=1 300w\" sizes=\"auto, (max-width: 677px) 100vw, 677px\" \/><\/figure>\n\n\n\n<h2 class=\"wp-block-heading\">Der Kleine Burgberg<\/h2>\n\n\n\n<p>Der F\u00f6rderverein Historischer Burgberg hat sich in Zusammenarbeit mit dem Harzklub Bad Harzburg und dem Arch\u00e4ologen Thomas Moritz vorgenommen, den Kleinen Burgberg attraktiver zu gestalten. In einem ersten Schritt wurden mehrere Infotafeln installiert, die \u00fcber die Geschichte des Terrains Aufschluss geben. Weiterhin ist vorgesehen, eine Schutzh\u00fctte zu errichten, deren Stil an die Zeichnung der H\u00fctte angelehnt werden soll, in der im 17. Jahrhundert Burg Hans J\u00fcrgen wohnte.<\/p>\n\n\n\n<p>Am besten aber schaut man sich den Kleinen Burgberg vor Ort an. Sie erreichen den Kleinen Burgberg vom Gro\u00dfen Burgberg (Weg unterhalb der Gastst\u00e4tte,von der Fahrstra\u00dfe aus), vom Antoniusplatz, vom Parkplatz Berliner Platz (B4) und aus dem Krodotal.<\/p>\n\n\n\n<p>Vom Tal her f\u00fchrt der \u201eKaiserweg\u201c vom ehemaligen Dorf \u201eSchulenrode\u201c hinauf zu den zwei Burganlagen \u201eGro\u00dfe Harzburg\u201c und \u201eKleine Harzburg\u201c. Der Hauptweg teilt sich, f\u00fchrt einerseits zur gro\u00dfen Burg, andererseits in einer leichten Kurve auf den Zuweg zur kleinen Burg. Ein in solider Mauertechnik ausgef\u00fchrtes Bauwerk mit einem \u201eUntergeschossraum\u201c und weiteren funktionellen Teilen ist &#8211; wie die gesamte Anlage \u2013 zu Anfang des 20. Jahrhunderts ausgegraben worden. Der Bau liegt, wehrtechnisch ungesch\u00fctzt, in einer \u201eVorfl\u00e4che\u201c vor dem \u201e\u00c4u\u00dferen Halsgraben\u201c. Die Erkl\u00e4rung seiner Funktion ist derzeit noch nicht m\u00f6glich.<\/p>\n\n\n\n<p>Das Areal der Kleinen Harzburg ist in mehrere Einzelbereiche aufgeteilt. Auf die wehrtechnisch ungesch\u00fctzte \u201eVorfl\u00e4che\u201c folgt der \u201e\u00c4u\u00dfere Halsgraben\u201c mit der dahinterliegenden \u201eVorburg\u201c. Der Graben war nicht mit Wasser gef\u00fcllt. Es ist als Sohlgraben mit flachem Boden und fast Senkrechten W\u00e4nden ausgef\u00fchrt. Das Aushubmaterial wurde an den Grabenr\u00e4ndern zu kleinen W\u00e4llen angesch\u00fcttet und auch zum Ausbau der Vorburg benutzt. Heute ist der \u00c4u\u00dfere Halsgraben teilweise mit Schutt verf\u00fcllt. Das um einige Meter h\u00f6her gelegene Plateau, hinter dem Halsgraben wurde wohl als Vorburg genutzt. Eine Die bauliche Gliederung in diesem Bereich ist noch nicht gekl\u00e4rt. Jedoch ist gut zu erkennen, dass von hier ein bewusst stehen gelassener \u201eSteg\u201c \u00fcber den \u00e4u\u00dferen Graben hin\u00fcber zur \u201eHauptburg\u201c f\u00fchrt.<\/p>\n","protected":false},"excerpt":{"rendered":"<p>Der Kleine Burgberg Der F\u00f6rderverein Historischer Burgberg hat sich in Zusammenarbeit mit dem Harzklub Bad Harzburg und dem Arch\u00e4ologen Thomas Moritz vorgenommen, den Kleinen Burgberg attraktiver zu gestalten. In einem ersten Schritt wurden mehrere Infotafeln installiert, die \u00fcber die Geschichte<\/p>\n","protected":false},"author":1,"featured_media":0,"parent":152,"menu_order":0,"comment_status":"closed","ping_status":"closed","template":"","meta":{"footnotes":""},"class_list":["post-162","page","type-page","status-publish","hentry"],"jetpack_sharing_enabled":true,"_links":{"self":[{"href":"https:\/\/die-harzburg.de\/index.php?rest_route=\/wp\/v2\/pages\/162","targetHints":{"allow":["GET"]}}],"collection":[{"href":"https:\/\/die-harzburg.de\/index.php?rest_route=\/wp\/v2\/pages"}],"about":[{"href":"https:\/\/die-harzburg.de\/index.php?rest_route=\/wp\/v2\/types\/page"}],"author":[{"embeddable":true,"href":"https:\/\/die-harzburg.de\/index.php?rest_route=\/wp\/v2\/users\/1"}],"replies":[{"embeddable":true,"href":"https:\/\/die-harzburg.de\/index.php?rest_route=%2Fwp%2Fv2%2Fcomments&post=162"}],"version-history":[{"count":1,"href":"https:\/\/die-harzburg.de\/index.php?rest_route=\/wp\/v2\/pages\/162\/revisions"}],"predecessor-version":[{"id":165,"href":"https:\/\/die-harzburg.de\/index.php?rest_route=\/wp\/v2\/pages\/162\/revisions\/165"}],"up":[{"embeddable":true,"href":"https:\/\/die-harzburg.de\/index.php?rest_route=\/wp\/v2\/pages\/152"}],"wp:attachment":[{"href":"https:\/\/die-harzburg.de\/index.php?rest_route=%2Fwp%2Fv2%2Fmedia&parent=162"}],"curies":[{"name":"wp","href":"https:\/\/api.w.org\/{rel}","templated":true}]}}