{"id":147,"date":"2022-10-12T10:37:20","date_gmt":"2022-10-12T10:37:20","guid":{"rendered":"http:\/\/die-harzburg.de\/?page_id=147"},"modified":"2024-02-04T12:58:25","modified_gmt":"2024-02-04T11:58:25","slug":"krodo","status":"publish","type":"page","link":"https:\/\/die-harzburg.de\/?page_id=147","title":{"rendered":"Krodo"},"content":{"rendered":"\n<figure class=\"wp-block-image size-large\"><img data-recalc-dims=\"1\" loading=\"lazy\" decoding=\"async\" width=\"720\" height=\"480\" src=\"https:\/\/i0.wp.com\/die-harzburg.de\/wp-content\/uploads\/2022\/10\/krodo-02-1.jpg?resize=720%2C480\" alt=\"\" class=\"wp-image-142\" srcset=\"https:\/\/i0.wp.com\/die-harzburg.de\/wp-content\/uploads\/2022\/10\/krodo-02-1-scaled.jpg?resize=1024%2C683&amp;ssl=1 1024w, https:\/\/i0.wp.com\/die-harzburg.de\/wp-content\/uploads\/2022\/10\/krodo-02-1-scaled.jpg?resize=300%2C200&amp;ssl=1 300w, https:\/\/i0.wp.com\/die-harzburg.de\/wp-content\/uploads\/2022\/10\/krodo-02-1-scaled.jpg?resize=768%2C512&amp;ssl=1 768w, https:\/\/i0.wp.com\/die-harzburg.de\/wp-content\/uploads\/2022\/10\/krodo-02-1-scaled.jpg?resize=1536%2C1024&amp;ssl=1 1536w, https:\/\/i0.wp.com\/die-harzburg.de\/wp-content\/uploads\/2022\/10\/krodo-02-1-scaled.jpg?resize=2048%2C1365&amp;ssl=1 2048w, https:\/\/i0.wp.com\/die-harzburg.de\/wp-content\/uploads\/2022\/10\/krodo-02-1-scaled.jpg?w=1440 1440w, https:\/\/i0.wp.com\/die-harzburg.de\/wp-content\/uploads\/2022\/10\/krodo-02-1-scaled.jpg?w=2160 2160w\" sizes=\"auto, (max-width: 720px) 100vw, 720px\" \/><\/figure>\n\n\n\n<h2 class=\"wp-block-heading\">Der G\u00f6tze CRODO | Die germanische Gottheit KRODO<\/h2>\n\n\n\n<p class=\"has-medium-font-size\">Von Horst Woick<\/p>\n\n\n\n<p>Krodo = s\u00e4chsischer Gott der Fruchtbarkeit \/ Gesundheit \/Saat<\/p>\n\n\n\n<p>Nach heutiger Deutung dargestellt mit Sonnenrad \/ Rad der Zeit \u2013 wehenden Rockscho\u00df (Wind \/ Luft) \u2013 Korb voller roter Rosen (f\u00fcr Liebe und Fruchtbarkeit) \u2013 Fisch (Wasser \/ Nahrung oder christliches Symbol)<\/p>\n\n\n\n<h2 class=\"wp-block-heading has-text-align-center\">Crodo \u2013 Gott der Sachsen<\/h2>\n\n\n\n<div class=\"wp-block-media-text alignwide has-media-on-the-right is-stacked-on-mobile\" style=\"grid-template-columns:auto 35%\"><div class=\"wp-block-media-text__content\">\n<p class=\"has-text-align-center has-medium-font-size\"><strong>Rad<\/strong><\/p>\n\n\n\n<p class=\"has-text-align-center\">Wie der Zyklus der Sonne und die Unendlichkeit des Universums in Zeit und Raum<\/p>\n\n\n\n<p class=\"has-text-align-center has-medium-font-size\"><strong>Wind<\/strong><\/p>\n\n\n\n<p>der Atem oder Odem dieser Welt, der alles hier am Leben h\u00e4lt<\/p>\n\n\n\n<p class=\"has-text-align-center has-medium-font-size\"><strong>Korb mit roten Rosen<\/strong><\/p>\n\n\n\n<p class=\"has-text-align-center\">das Sinnbild f\u00fcr Fruchtbarkeit, die Natur und die sch\u00fctzenswerte Umwelt<\/p>\n\n\n\n<p class=\"has-text-align-center has-medium-font-size\"><strong>Fisch<\/strong><\/p>\n\n\n\n<p>Das Element Wasser, Nahrung und die sp\u00e4teren christlichen Werte unserer Gesellschaft<\/p>\n\n\n\n<p><\/p>\n\n\n\n<p class=\"has-text-align-right\"><em>(Abb. Lt. Sachsenchronik 1492)<\/em><\/p>\n<\/div><figure class=\"wp-block-media-text__media\"><img data-recalc-dims=\"1\" loading=\"lazy\" decoding=\"async\" width=\"164\" height=\"287\" src=\"https:\/\/i0.wp.com\/die-harzburg.de\/wp-content\/uploads\/2022\/10\/krodo2.jpg?resize=164%2C287\" alt=\"\" class=\"wp-image-193 size-full\"\/><\/figure><\/div>\n\n\n\n<h2 class=\"wp-block-heading\">Krodo in Bad Harzburg<\/h2>\n\n\n\n<p class=\"has-medium-font-size\"><strong>nach Sagen, \u00dcberlieferung und historischer Daten<\/strong><\/p>\n\n\n\n<p><strong>ca. 50 v.Chr.<\/strong> errichten germanische Sklaven\/Legion\u00e4re bei der R\u00fcckkehr nach Germanien\/Sachsen eine Statue\/ Opferst\u00e4tte des KRODO auf dem heutigen Gro\u00dfen Burgberg oder im Krodotal?<\/p>\n\n\n\n<p><strong>780 n.Chr. <\/strong>&nbsp;Kaiser KARL der Gro\u00dfe will die Christianisierung der Sachsen am Harzrand.<\/p>\n\n\n\n<div class=\"wp-block-media-text alignwide is-stacked-on-mobile\"><figure class=\"wp-block-media-text__media\"><img data-recalc-dims=\"1\" loading=\"lazy\" decoding=\"async\" width=\"720\" height=\"546\" src=\"https:\/\/i0.wp.com\/die-harzburg.de\/wp-content\/uploads\/2022\/10\/sturzCrodo-1.jpg?resize=720%2C546\" alt=\"\" class=\"wp-image-199 size-full\" srcset=\"https:\/\/i0.wp.com\/die-harzburg.de\/wp-content\/uploads\/2022\/10\/sturzCrodo-1.jpg?w=746&amp;ssl=1 746w, https:\/\/i0.wp.com\/die-harzburg.de\/wp-content\/uploads\/2022\/10\/sturzCrodo-1.jpg?resize=300%2C228&amp;ssl=1 300w\" sizes=\"auto, (max-width: 720px) 100vw, 720px\" \/><\/figure><div class=\"wp-block-media-text__content\">\n<p class=\"has-medium-font-size\">Bau der ersten Kirche jenseits der Ecker in Osterwieck.<\/p>\n\n\n\n<p>Karl zu den Sachsen: &#8222;Crodo ist euer Gott, der Crodo Teufel&#8220;<\/p>\n\n\n\n<p>Sturz der CRODO-Statue auf Befehl Karls des Gro\u00dfen.<\/p>\n\n\n\n<p>Druck nach einem Kupferstich Merians, 1700<\/p>\n\n\n\n<p>Gab es einen CRODO-Altar auf dem Gro\u00dfen Burgberg oder im Krodotal?<\/p>\n\n\n\n<p>Crodo=&#8220;de Cr\u00f6te &#8222;oder &#8222;de Grote&#8220;<\/p>\n<\/div><\/div>\n\n\n\n<p><strong>1040 n.Chr.<\/strong>: Verlegung der Stiftkirche aus dem Krodotal nach Goslar \/ Dombau unter Heinrich III. Installation des Krodo-Altars (heute Museum in Goslar) Alter und Ursprung unbekannt.<\/p>\n\n\n\n<p><strong>1065\/1068 n.Chr.<\/strong>: Bau und Fertigstellung der HARZBURG. Im Vorraum des Stiftes soll ein Krodoaltar oder eine Krodost\u00e4tte (Relief, B\u00fcste o.\u00e4.) gestanden haben.<\/p>\n\n\n\n<p><strong>1100 n.Chr<\/strong>.: Laut neuestem Gutachten ungef\u00e4hres Herstellungsdatum des Krodoaltars (Goslar)? Laut der Stadt Goslar soll der Krodoaltar um diese Zeit hergestellt worden und im Dom aufgestellt worden sein.<\/p>\n\n\n\n<p><strong>1350 n.Chr<\/strong>.: \u201eRegesta Diplomatica Thuringiae\u201c heute Kronenbach. Hinweis auf Crodenbeke \/ Heidenstieg<\/p>\n\n\n\n<p><strong>1492 n.Chr.<\/strong>: \u201eChroneken der Sachsen\u201c von Conrad Bothe: \u201eikk vinde in der skrift, dat hier in Ostsassen to der Hartesborgk gestan hadde eyn Afgoot na SARTURNO un den heten de L\u00fcde un dat meyne Volk: ,KRODO\u2018\u201c<\/p>\n\n\n\n<p><strong>1507 n.Chr.<\/strong>: \u201eIm Invertorium der alternden Harzburg\u201c ein \u201ebespanget rock&#8230;\u201c unten am Saum der Crodo oder Teuffel fast unkenntlich gemalet gewesn&#8230;\u201c (Laut Merian 1653).<\/p>\n\n\n\n<p><strong>16 Jahrhundert<\/strong>: Marien-Verehrung (unter Erinnerung an Abgott Crodo) auf dem Gro\u00dfen Burgberg mit vielerlei Wunderheilungen an Blinden, Lahmen und Gebrechlichen<\/p>\n\n\n\n<p><strong>1574 n.Chr<\/strong>.: Erw\u00e4hnung in \u201eANALES\u201c von Georg Torquatus desgleichen in der Niederdeutschen Chronik von Abel. <br>Im Lageplan der Hinweis von F. Stollberg auf eine Stelle auf der s\u00fcdlichen Seite der Westburg auf eine Felseintiefung mit Namen Krodo-Holl ( H\u00f6hle-Grotte auch Krodo-Hall)<\/p>\n\n\n\n<p><strong>1602 n.Chr<\/strong>.: In \u201eHistoria Caroli Magni\u201c Letzner Hinweis: \u201eKarl d. Gr. l\u00e4sst statt Crodo eine Kirche bauen\u201c<\/p>\n\n\n\n<div class=\"wp-block-media-text alignwide has-media-on-the-right is-stacked-on-mobile\"><div class=\"wp-block-media-text__content\">\n<p><strong>1610 n.Chr<\/strong>.: Bau der B\u00fcndheimer Kirche aus Steinen der Harzburgen, G\u00f6tzenkopf-Relief (Wotan-Crodo?). Rechts: Einmauerung an der Nordseite, schr\u00e4g \u00fcber dem Eingang.<\/p>\n<\/div><figure class=\"wp-block-media-text__media\"><img data-recalc-dims=\"1\" loading=\"lazy\" decoding=\"async\" width=\"340\" height=\"150\" src=\"https:\/\/i0.wp.com\/die-harzburg.de\/wp-content\/uploads\/2022\/10\/kirchendoppel.jpg?resize=340%2C150\" alt=\"\" class=\"wp-image-201 size-full\" srcset=\"https:\/\/i0.wp.com\/die-harzburg.de\/wp-content\/uploads\/2022\/10\/kirchendoppel.jpg?w=340&amp;ssl=1 340w, https:\/\/i0.wp.com\/die-harzburg.de\/wp-content\/uploads\/2022\/10\/kirchendoppel.jpg?resize=300%2C132&amp;ssl=1 300w\" sizes=\"auto, (max-width: 340px) 100vw, 340px\" \/><\/figure><\/div>\n\n\n\n<p><strong>1626 n.Chr<\/strong>.: Rock aus dem Hause HEINRICH I (oder H. III) mit Krodo-Symbol als Stickerei in den Wirren des 30-j\u00e4hrigen Krieges nach Schweden (wo er heute noch sein soll).<\/p>\n\n\n\n<p><strong>1654 n.Chr<\/strong>.: Hinweis bei Merian, die Kirche, wohl auch CRODO standen im Krodotal.<\/p>\n\n\n\n<div class=\"wp-block-media-text alignwide is-stacked-on-mobile\"><figure class=\"wp-block-media-text__media\"><img data-recalc-dims=\"1\" loading=\"lazy\" decoding=\"async\" width=\"400\" height=\"310\" src=\"https:\/\/i0.wp.com\/die-harzburg.de\/wp-content\/uploads\/2022\/10\/opferung.jpg?resize=400%2C310\" alt=\"\" class=\"wp-image-204 size-full\" srcset=\"https:\/\/i0.wp.com\/die-harzburg.de\/wp-content\/uploads\/2022\/10\/opferung.jpg?w=400&amp;ssl=1 400w, https:\/\/i0.wp.com\/die-harzburg.de\/wp-content\/uploads\/2022\/10\/opferung.jpg?resize=300%2C233&amp;ssl=1 300w\" sizes=\"auto, (max-width: 400px) 100vw, 400px\" \/><\/figure><div class=\"wp-block-media-text__content\">\n<p><strong>1797 n.Chr.:<\/strong> &nbsp;Gro\u00dfes Gem\u00e4lde eines Opferungsfestes f\u00fcr CRODO von F.G. Weitsch \/ heute in der Akademie der K\u00fcnste in Berlin.<\/p>\n<\/div><\/div>\n\n\n\n<p><strong>1825 n.Chr<\/strong>.: Forstschreiber E.J.G. Leonhardt beschreibt KRODO mit positiver Sichtweise.<\/p>\n\n\n\n<p><strong>1826 n.Chr<\/strong>.: Gegendarstellung durch den Regierungsrat Delius mit sehr negativer Sicht, aber viele Kommentare und gute Literaturhinweise.<\/p>\n\n\n\n<p><strong>1837 n.Chr<\/strong>.: Benennung einer der Lokomotiven der ersten deutschen Staatseisenbahn nach \u201eCrodo\u201c.<\/p>\n\n\n\n<p><strong>1842 n.Chr.<\/strong>: Er\u00f6ffnung einer Gastst\u00e4tte namens \u201eCRODO\u201c auf dem Gro\u00dfen Burgberg.<\/p>\n\n\n\n<p><strong>1850 n.Chr<\/strong>.: Fund des \u201eHorkenstein\u201c (Opferstein) und einem \u201eCrodo-Haupt\u201c in Bochum, der Opferstein liegt heute am Hattinger Busbahnhof und der Crodo-Kopf ist in das \u201eBonner Museum\u201c (?) gekommen.<\/p>\n\n\n\n<p><strong>1869 n.Chr<\/strong>.: \u201eMissionsgeschichte der Harzgebiete\u201c. Dr. Joh. Christ. Gottlob Schumann Seite 28\/ 30 Crodo-Nachweise auf dem Burgberg.<\/p>\n\n\n\n<p><strong>1873 n.Chr.<\/strong>: Bohrung und Benennung der KRODO-Quelle im Heilbad Bad Harzburg. Trinkbrunnen \/ Grotte mit Crodo-Statue im Park des Kurhotels Juliushall.<\/p>\n\n\n\n<p><strong>1888 n.Chr<\/strong>.: \u201eDie Einf\u00fchrung des Christenthums im Harzgau\u201c. Albert Reinecke, Seiten 10\/13 G\u00f6tze Krodo \/ Krodo-Altar auf dem Burgberg<\/p>\n\n\n\n<figure class=\"wp-block-image size-large\"><img data-recalc-dims=\"1\" loading=\"lazy\" decoding=\"async\" width=\"720\" height=\"539\" src=\"https:\/\/i0.wp.com\/die-harzburg.de\/wp-content\/uploads\/2022\/10\/kroobad-1972.jpg?resize=720%2C539\" alt=\"\" class=\"wp-image-209\" srcset=\"https:\/\/i0.wp.com\/die-harzburg.de\/wp-content\/uploads\/2022\/10\/kroobad-1972.jpg?resize=1024%2C767&amp;ssl=1 1024w, https:\/\/i0.wp.com\/die-harzburg.de\/wp-content\/uploads\/2022\/10\/kroobad-1972.jpg?resize=300%2C225&amp;ssl=1 300w, https:\/\/i0.wp.com\/die-harzburg.de\/wp-content\/uploads\/2022\/10\/kroobad-1972.jpg?resize=768%2C575&amp;ssl=1 768w, https:\/\/i0.wp.com\/die-harzburg.de\/wp-content\/uploads\/2022\/10\/kroobad-1972.jpg?resize=1536%2C1150&amp;ssl=1 1536w, https:\/\/i0.wp.com\/die-harzburg.de\/wp-content\/uploads\/2022\/10\/kroobad-1972.jpg?w=1603&amp;ssl=1 1603w, https:\/\/i0.wp.com\/die-harzburg.de\/wp-content\/uploads\/2022\/10\/kroobad-1972.jpg?w=1440 1440w\" sizes=\"auto, (max-width: 720px) 100vw, 720px\" \/><figcaption class=\"wp-element-caption\"><strong>Das Krodobad im Jahr 1972. <a href=\"https:\/\/bad-harzburg-stiftung.de\/\" target=\"_blank\" rel=\"noreferrer noopener\">Foto: Ahrens-Archiv | Bad Harzburg-Stiftung<\/a><\/strong><\/figcaption><\/figure>\n\n\n\n<p><strong>1931 n.Chr<\/strong>.: Bau des Krodo-Bades als Kurschwimmbad.<\/p>\n\n\n\n<p><strong>1932 n.Chr<\/strong>.: Krodo-Forschung v. R. Uhden in Braunschweigischer Landeszeitung &#8222;Altgermanische Zeugen&#8230;&#8220;<\/p>\n\n\n\n<p><strong>1936\/1938 n.Chr<\/strong>.: Bau des heutigen \u201eHaus der Natur\u201c mit Krodo-Relief am Westgiebel.<\/p>\n\n\n\n<p><strong>1937 n.Chr.<\/strong>: W. L\u00fcders \u201eZur Geschichte des Krodo-Tales\u201c &#8230;ein wahrer Kern ist darin enthalten.<\/p>\n\n\n\n<p><strong>1952 n.Chr.<\/strong>: Gerhard Cordes ablehnend: \u201eAltes und Neues vom Krodo\u201c in der Fr\u00f6hlich-Festschrift.<\/p>\n\n\n\n<p><strong>1960 n.Chr<\/strong>.: Dr. A. Hansen \u201eDie Krodo-Statue, ein Denkmal der Iro-schottischen Missionszeit\u201c.<\/p>\n\n\n\n<p><strong>1964 n.Chr<\/strong>.: Einrichtung einer Krodo-Bar im neuen Kurhaus von Bad Harzburg mit Statue.<\/p>\n\n\n\n<div class=\"wp-block-media-text alignwide has-media-on-the-right is-stacked-on-mobile\" style=\"grid-template-columns:auto 25%\"><div class=\"wp-block-media-text__content\">\n<p><strong>1970 n.Chr.<\/strong>: Bau des neuen Rathauses in Bad Harzburg mit Krodo-Brunnen.<\/p>\n<\/div><figure class=\"wp-block-media-text__media\"><img data-recalc-dims=\"1\" loading=\"lazy\" decoding=\"async\" width=\"701\" height=\"1024\" src=\"https:\/\/i0.wp.com\/die-harzburg.de\/wp-content\/uploads\/2022\/10\/krodobrunnen-rathaus-1979.jpg?resize=701%2C1024\" alt=\"\" class=\"wp-image-211 size-full\" srcset=\"https:\/\/i0.wp.com\/die-harzburg.de\/wp-content\/uploads\/2022\/10\/krodobrunnen-rathaus-1979.jpg?resize=701%2C1024&amp;ssl=1 701w, https:\/\/i0.wp.com\/die-harzburg.de\/wp-content\/uploads\/2022\/10\/krodobrunnen-rathaus-1979.jpg?resize=205%2C300&amp;ssl=1 205w, https:\/\/i0.wp.com\/die-harzburg.de\/wp-content\/uploads\/2022\/10\/krodobrunnen-rathaus-1979.jpg?resize=768%2C1123&amp;ssl=1 768w, https:\/\/i0.wp.com\/die-harzburg.de\/wp-content\/uploads\/2022\/10\/krodobrunnen-rathaus-1979.jpg?w=821&amp;ssl=1 821w\" sizes=\"auto, (max-width: 701px) 100vw, 701px\" \/><\/figure><\/div>\n\n\n\n<p><strong>1985 n.Chr.<\/strong>: Aufstellung einer \u00e4lteren Krodo-Plastik (aus der Krodobar?) aus schwarzem Holz im Schachthaus an dem Krodo-Quellen Schacht.<\/p>\n\n\n\n<p><strong>2001 n.Chr.<\/strong>: Buch von Kustos Wolf-Dieter Steinmetz: \u201eGeschichte und Arch\u00e4ologie der Harzburg\u201c Wegen des Alters der Krodo\u00fcberlieferungen ist von Seiten der Arch\u00e4ologie ein Wahrheitsgehalt nicht v\u00f6llig abzutun!<\/p>\n\n\n\n<p><strong>2003 n.Chr.<\/strong>: Krodo-Figur am \u201eJungbrunnen\u201c auf dem Platz Stadtmitte Bad Harzburg.<\/p>\n\n\n\n<p><strong>2004 n.Chr.<\/strong>: Bau des Freizeitparks: \u201eKrodoland\u201c in Westerode.<\/p>\n\n\n\n<p><strong>2007 n.Chr.<\/strong>: Neue Krodo-Statue auf dem Burgberg.<\/p>\n\n\n\n<blockquote class=\"wp-block-quote has-small-font-size is-layout-flow wp-block-quote-is-layout-flow\">\n<p>Ortsnamen in Th\u00fcringen\/Sachsen:<\/p>\n\n\n\n<p>Crodenbeke \/ Kr\u00f6dklippen bei S\u00fclzhayn \/ Harz<br>Crodenlaida bei Merane \/ Wechselburg im Land Sachsen<br>Phorphyrplatte als Opfertisch \/ Altar f\u00fcr Gottheit der Slaven.<br>weitere Namen in der Umgebung: G\u00f6tzenthal, Crotensee bei Eibenstock, Crottendorf bei Schwarzenberg.<\/p>\n<\/blockquote>\n\n\n\n<blockquote class=\"wp-block-quote is-layout-flow wp-block-quote-is-layout-flow\">\n<p>Ortsnamen in Italien:<\/p>\n\n\n\n<p>CRODO in Norditalien \/ N\u00e4he Lago Magiore mit einer Crodo-Quelle, ein in Italien sehr bekanntes Mineralwasser &#8222;Foti de Crodo&#8220;, es gibt aber auch eine &#8222;Therme di Crodo&#8220;. Die Inschrift \u00fcber der Quelle lautet sinngem\u00e4\u00df: &#8222;Das Siegel des goldenen Adlers wer mit Geld eintritt, erh\u00e4lt gesundheitliche St\u00e4rkung&#8220;<br>Der Name &#8222;Crodo&#8220; soll lt. B\u00fcrgermeister von Gabbro \/ Felsen kommen.<br>&#8222;Wer unter dem Siegel des Adlers mit Geld eintritt, erh\u00e4lt gesundheidliche St\u00e4rkung&#8220;.<\/p>\n<\/blockquote>\n\n\n\n<p><strong>In der Literatur:<\/strong><\/p>\n\n\n\n<p>Figur bei Siegfried Wagner (1933) in der Oper. &#8222;Der Heidek\u00f6nig&#8220; in der Sage &#8222;Might and Magic IV&#8220; ist Crodo, der Berater des K\u00f6nigs BurlackGottheit bei Chr. Aug. Vulpius: Die G\u00f6tter Thuiskons<\/p>\n\n\n\n<p><strong>Botanisch:&nbsp;&nbsp;&nbsp;&nbsp;&nbsp;&nbsp;&nbsp;&nbsp;<\/strong><\/p>\n\n\n\n<p>Krodokraut (Bez. im Krodotal)-Erd-Efeu &#8211; Hurlekenkraut &#8211; botn.: Gundermann. Altes Heilmittel in der Tier- und Humanmedizin, Abwehrkraft gegen Hexenzauber. Als geflochtene Kr\u00e4nze als Abwehr in der Walpurgisnacht. Als &#8222;Gundermann&#8220; seit dem 12. Jahrhundert beschrieben: Heilpflanze gegen Ruhr, Magen-, und Nierenerkrankungen u. v. m.<\/p>\n\n\n\n<h2 class=\"wp-block-heading\">Fazit:<\/h2>\n\n\n\n<p>Es gibt keine eindeutigen Beweise f\u00fcr die fr\u00fchere Existenz einer Krodo-Statue auf dem Gr. Burgberg bzw. im Krodotal und Nachweise sind sicherlich heute kaum noch zu finden. Trotzdem sollte der G\u00f6tze KRODO nicht verneint werden: Einige Spuren sollte deshalb noch ernsthaft nachgegangen werden: dem eingemauerten &#8222;Wodanskopf&#8220; \/ B\u00fcste an der B\u00fcndheimer Kirche ist bisher zu wenig Beachtung geschenkt worden. Wo kommt er her? Welche Bedeutung hatte er fr\u00fcher (vieleicht in der alten Harzburg, lt. Litertur, im Vorraum der Burgkapelle Wodansverehrung ?) und welche ab1610 an der B\u00fcndheimer Kirche? Desgl. der Rock in Schweden, gibt es ihn, was ist mit ihm? Welcher Zusammenhang besteht zwischen den einzelnen Orten, die mit dem Crodo \/ Krodo in Verbindung gebracht werden k\u00f6nnen?<\/p>\n\n\n\n<p>Die Vergangenheit des Krodo-Altars in Goslar ist trotz Gutachtens wohl nicht endg\u00fcltig gekl\u00e4rt.<\/p>\n","protected":false},"excerpt":{"rendered":"<p>Der G\u00f6tze CRODO | Die germanische Gottheit KRODO Von Horst Woick Krodo = s\u00e4chsischer Gott der Fruchtbarkeit \/ Gesundheit \/Saat Nach heutiger Deutung dargestellt mit Sonnenrad \/ Rad der Zeit \u2013 wehenden Rockscho\u00df (Wind \/ Luft) \u2013 Korb voller roter<\/p>\n","protected":false},"author":1,"featured_media":0,"parent":140,"menu_order":0,"comment_status":"closed","ping_status":"closed","template":"","meta":{"footnotes":""},"class_list":["post-147","page","type-page","status-publish","hentry"],"jetpack_sharing_enabled":true,"_links":{"self":[{"href":"https:\/\/die-harzburg.de\/index.php?rest_route=\/wp\/v2\/pages\/147","targetHints":{"allow":["GET"]}}],"collection":[{"href":"https:\/\/die-harzburg.de\/index.php?rest_route=\/wp\/v2\/pages"}],"about":[{"href":"https:\/\/die-harzburg.de\/index.php?rest_route=\/wp\/v2\/types\/page"}],"author":[{"embeddable":true,"href":"https:\/\/die-harzburg.de\/index.php?rest_route=\/wp\/v2\/users\/1"}],"replies":[{"embeddable":true,"href":"https:\/\/die-harzburg.de\/index.php?rest_route=%2Fwp%2Fv2%2Fcomments&post=147"}],"version-history":[{"count":11,"href":"https:\/\/die-harzburg.de\/index.php?rest_route=\/wp\/v2\/pages\/147\/revisions"}],"predecessor-version":[{"id":1039,"href":"https:\/\/die-harzburg.de\/index.php?rest_route=\/wp\/v2\/pages\/147\/revisions\/1039"}],"up":[{"embeddable":true,"href":"https:\/\/die-harzburg.de\/index.php?rest_route=\/wp\/v2\/pages\/140"}],"wp:attachment":[{"href":"https:\/\/die-harzburg.de\/index.php?rest_route=%2Fwp%2Fv2%2Fmedia&parent=147"}],"curies":[{"name":"wp","href":"https:\/\/api.w.org\/{rel}","templated":true}]}}