{"id":135,"date":"2022-10-12T10:17:45","date_gmt":"2022-10-12T10:17:45","guid":{"rendered":"http:\/\/die-harzburg.de\/?page_id=135"},"modified":"2022-10-12T10:28:43","modified_gmt":"2022-10-12T10:28:43","slug":"harzsagenhalle","status":"publish","type":"page","link":"https:\/\/die-harzburg.de\/?page_id=135","title":{"rendered":"Harzsagenhalle"},"content":{"rendered":"\n<div class=\"wp-block-media-text alignwide has-media-on-the-right is-stacked-on-mobile\"><figure class=\"wp-block-media-text__media\"><img data-recalc-dims=\"1\" loading=\"lazy\" decoding=\"async\" width=\"720\" height=\"522\" src=\"https:\/\/i0.wp.com\/die-harzburg.de\/wp-content\/uploads\/2022\/10\/harzsagenschrein.jpg?resize=720%2C522\" alt=\"\" class=\"wp-image-136 size-full\" srcset=\"https:\/\/i0.wp.com\/die-harzburg.de\/wp-content\/uploads\/2022\/10\/harzsagenschrein.jpg?w=1024&amp;ssl=1 1024w, https:\/\/i0.wp.com\/die-harzburg.de\/wp-content\/uploads\/2022\/10\/harzsagenschrein.jpg?resize=300%2C217&amp;ssl=1 300w, https:\/\/i0.wp.com\/die-harzburg.de\/wp-content\/uploads\/2022\/10\/harzsagenschrein.jpg?resize=768%2C557&amp;ssl=1 768w\" sizes=\"auto, (max-width: 720px) 100vw, 720px\" \/><\/figure><div class=\"wp-block-media-text__content\">\n<h2 class=\"wp-block-heading\">Die Harzsagenhalle<\/h2>\n\n\n\n<p>Mit hohem Aufwand und gro\u00dfer Unterst\u00fctzung aus der B\u00fcrgerschaft sicherte die BAD HARZBUR-STIFTUNG den 1928 bis 1932 entstandenen Harzsagenschrein in der Harzsagenhalle auf dem Burgberg. Mit Hilfe ehrenamtlicher Kr\u00e4fte kann das kunsthistorische und zeitgeschichtliche Kleinod seit 2014 der \u00d6ffentlichkeit wieder zug\u00e4nglich gemacht werden. Ge\u00f6fnet ist die Harzsagenhalle in der Regel in den Sommermonaten an Sonn- und Feiertagen jeweils von 14 bis 16 Uhr. Gruppenf\u00fchrung sind nach Anmeldung m\u00f6glich.<\/p>\n\n\n\n<p>Eine ausf\u00fchrliche Darstellung des Harzsagenschreins findet sich auf der <strong><a href=\"https:\/\/bad-harzburg-stiftung.de\/harzsagenhalle-2\/\" target=\"_blank\" rel=\"noreferrer noopener\">Website der BAD HARZBURG-STIFTUNG<\/a><\/strong> (ext.).<\/p>\n<\/div><\/div>\n","protected":false},"excerpt":{"rendered":"<p>Die Harzsagenhalle Mit hohem Aufwand und gro\u00dfer Unterst\u00fctzung aus der B\u00fcrgerschaft sicherte die BAD HARZBUR-STIFTUNG den 1928 bis 1932 entstandenen Harzsagenschrein in der Harzsagenhalle auf dem Burgberg. Mit Hilfe ehrenamtlicher Kr\u00e4fte kann das kunsthistorische und zeitgeschichtliche Kleinod seit 2014 der<\/p>\n","protected":false},"author":1,"featured_media":0,"parent":140,"menu_order":0,"comment_status":"closed","ping_status":"closed","template":"","meta":{"footnotes":""},"class_list":["post-135","page","type-page","status-publish","hentry"],"jetpack_sharing_enabled":true,"_links":{"self":[{"href":"https:\/\/die-harzburg.de\/index.php?rest_route=\/wp\/v2\/pages\/135","targetHints":{"allow":["GET"]}}],"collection":[{"href":"https:\/\/die-harzburg.de\/index.php?rest_route=\/wp\/v2\/pages"}],"about":[{"href":"https:\/\/die-harzburg.de\/index.php?rest_route=\/wp\/v2\/types\/page"}],"author":[{"embeddable":true,"href":"https:\/\/die-harzburg.de\/index.php?rest_route=\/wp\/v2\/users\/1"}],"replies":[{"embeddable":true,"href":"https:\/\/die-harzburg.de\/index.php?rest_route=%2Fwp%2Fv2%2Fcomments&post=135"}],"version-history":[{"count":1,"href":"https:\/\/die-harzburg.de\/index.php?rest_route=\/wp\/v2\/pages\/135\/revisions"}],"predecessor-version":[{"id":137,"href":"https:\/\/die-harzburg.de\/index.php?rest_route=\/wp\/v2\/pages\/135\/revisions\/137"}],"up":[{"embeddable":true,"href":"https:\/\/die-harzburg.de\/index.php?rest_route=\/wp\/v2\/pages\/140"}],"wp:attachment":[{"href":"https:\/\/die-harzburg.de\/index.php?rest_route=%2Fwp%2Fv2%2Fmedia&parent=135"}],"curies":[{"name":"wp","href":"https:\/\/api.w.org\/{rel}","templated":true}]}}