{"id":1322,"date":"2025-06-26T15:24:28","date_gmt":"2025-06-26T13:24:28","guid":{"rendered":"https:\/\/die-harzburg.de\/?page_id=1322"},"modified":"2025-06-26T16:07:23","modified_gmt":"2025-06-26T14:07:23","slug":"der-turmbau","status":"publish","type":"page","link":"https:\/\/die-harzburg.de\/?page_id=1322","title":{"rendered":"Der Turmbau"},"content":{"rendered":"\n<h2 class=\"wp-block-heading\">Gro\u00dfe Pl\u00e4ne rund um den Turm<\/h2>\n\n\n\n\n\n<p>Auf dieser Seite sammeln wir alle Beitr\u00e4ge rund um den Turmbau-Plan und die rundherum geplanten Ma\u00dfnahmen wie das Burgen-Informations- und Forschungszentrum. <\/p>\n\n\n\n<p>Wer das Mammutprojekt des F\u00f6rdervereins Historischer Burgberg Bad Harzburg e.V. schon jetzt unterst\u00fctzen will, kann auf das F\u00f6rdervereinskonto mit der IBAN DE93 8006 3508 5002 4094 00 bei der Harzer Volksbank eG (BIC: GENODEF1QLB) spenden. Als Verwendungszweck sollte \u201eTurmbau\u201c angegeben werden. Spendenquittungen k\u00f6nnen ausgestellt werden.<\/p>\n\n\n\n<div style=\"padding:20px\" class=\"wp-block-tnp-minimal\"><p>Wer mit unserem kostenlosen &#8222;Turmbau-Newsletter&#8220; stets auf dem Laufenden bleiben will, tr\u00e4gt hier seine E-Mail-Adresse ein<\/p><div><div class=\"tnp tnp-subscription-minimal  \"><form action=\"https:\/\/die-harzburg.de\/wp-admin\/admin-ajax.php?action=tnp&amp;na=s\" method=\"post\" style=\"text-align: center\"><input type=\"hidden\" name=\"nr\" value=\"minimal\">\n<input type=\"hidden\" name=\"nlang\" value=\"\">\n<input class=\"tnp-email\" type=\"email\" required name=\"ne\" value=\"\" placeholder=\"Email\"><input class=\"tnp-submit\" type=\"submit\" value=\"Abonnieren\" style=\"\">\n<div class=\"tnp-field tnp-privacy-field\"><label><input type=\"checkbox\" name=\"ny\" required class=\"tnp-privacy\"> Indem Du fortf\u00e4hrst, akzeptierst Du unsere Datenschutzerkl\u00e4rung.<\/label><\/div><\/form><\/div>\n<\/div><\/div>\n\n\n<ul class=\"wp-block-latest-posts__list is-grid columns-3 has-dates wp-block-latest-posts\"><li><div class=\"wp-block-latest-posts__featured-image\"><a href=\"https:\/\/die-harzburg.de\/?p=1610\" aria-label=\"Kleine Auktion f\u00fcr gro\u00dfe Turmpl\u00e4ne\"><img loading=\"lazy\" decoding=\"async\" width=\"300\" height=\"157\" src=\"https:\/\/i0.wp.com\/die-harzburg.de\/wp-content\/uploads\/2025\/12\/schwibbogen-01a.jpg?fit=300%2C157&amp;ssl=1\" class=\"attachment-medium size-medium wp-post-image\" alt=\"\" style=\"\" srcset=\"https:\/\/i0.wp.com\/die-harzburg.de\/wp-content\/uploads\/2025\/12\/schwibbogen-01a.jpg?w=1536&amp;ssl=1 1536w, https:\/\/i0.wp.com\/die-harzburg.de\/wp-content\/uploads\/2025\/12\/schwibbogen-01a.jpg?resize=300%2C157&amp;ssl=1 300w, https:\/\/i0.wp.com\/die-harzburg.de\/wp-content\/uploads\/2025\/12\/schwibbogen-01a.jpg?resize=1024%2C535&amp;ssl=1 1024w, https:\/\/i0.wp.com\/die-harzburg.de\/wp-content\/uploads\/2025\/12\/schwibbogen-01a.jpg?resize=768%2C402&amp;ssl=1 768w, https:\/\/i0.wp.com\/die-harzburg.de\/wp-content\/uploads\/2025\/12\/schwibbogen-01a.jpg?w=1440 1440w\" sizes=\"auto, (max-width: 300px) 100vw, 300px\" \/><\/a><\/div><a class=\"wp-block-latest-posts__post-title\" href=\"https:\/\/die-harzburg.de\/?p=1610\">Kleine Auktion f\u00fcr gro\u00dfe Turmpl\u00e4ne<\/a><time datetime=\"2025-12-06T08:19:44+01:00\" class=\"wp-block-latest-posts__post-date\">6. Dezember 2025<\/time><div class=\"wp-block-latest-posts__post-excerpt\">Horst Woick und Dirk Junicke mit dem Schwibbogen, der am 7. Dezember um 18.00 Uhr im Gest\u00fct versteigert wird. Geschichtstr\u00e4chtiger<\/div><\/li>\n<li><div class=\"wp-block-latest-posts__featured-image\"><a href=\"https:\/\/die-harzburg.de\/?p=1395\" aria-label=\"R\u00fcckenwind f\u00fcr den Turm-Plan\u00a0\"><img loading=\"lazy\" decoding=\"async\" width=\"226\" height=\"300\" src=\"https:\/\/i0.wp.com\/die-harzburg.de\/wp-content\/uploads\/2025\/11\/WhatsApp-Bild-2025-11-11-um-20.09.44_33af4bd6.jpg?fit=226%2C300&amp;ssl=1\" class=\"attachment-medium size-medium wp-post-image\" alt=\"\" style=\"\" srcset=\"https:\/\/i0.wp.com\/die-harzburg.de\/wp-content\/uploads\/2025\/11\/WhatsApp-Bild-2025-11-11-um-20.09.44_33af4bd6.jpg?w=1536&amp;ssl=1 1536w, https:\/\/i0.wp.com\/die-harzburg.de\/wp-content\/uploads\/2025\/11\/WhatsApp-Bild-2025-11-11-um-20.09.44_33af4bd6.jpg?resize=226%2C300&amp;ssl=1 226w, https:\/\/i0.wp.com\/die-harzburg.de\/wp-content\/uploads\/2025\/11\/WhatsApp-Bild-2025-11-11-um-20.09.44_33af4bd6.jpg?resize=771%2C1024&amp;ssl=1 771w, https:\/\/i0.wp.com\/die-harzburg.de\/wp-content\/uploads\/2025\/11\/WhatsApp-Bild-2025-11-11-um-20.09.44_33af4bd6.jpg?resize=768%2C1020&amp;ssl=1 768w, https:\/\/i0.wp.com\/die-harzburg.de\/wp-content\/uploads\/2025\/11\/WhatsApp-Bild-2025-11-11-um-20.09.44_33af4bd6.jpg?resize=1157%2C1536&amp;ssl=1 1157w, https:\/\/i0.wp.com\/die-harzburg.de\/wp-content\/uploads\/2025\/11\/WhatsApp-Bild-2025-11-11-um-20.09.44_33af4bd6.jpg?w=1440 1440w\" sizes=\"auto, (max-width: 226px) 100vw, 226px\" \/><\/a><\/div><a class=\"wp-block-latest-posts__post-title\" href=\"https:\/\/die-harzburg.de\/?p=1395\">R\u00fcckenwind f\u00fcr den Turm-Plan\u00a0<\/a><time datetime=\"2025-11-14T10:59:58+01:00\" class=\"wp-block-latest-posts__post-date\">14. November 2025<\/time><div class=\"wp-block-latest-posts__post-excerpt\">Starkes Votum f\u00fcr die n\u00e4chste Stufe Das Turmbau-Projekt des F\u00f6rdervereins Historischer Burgberg ist einen wichtigen Schritt weiter. Mit einem\u00a0starken, einstimmigen<\/div><\/li>\n<li><div class=\"wp-block-latest-posts__featured-image\"><a href=\"https:\/\/die-harzburg.de\/?p=1384\" aria-label=\"Einladung zu Turmpl\u00e4nen und G\u00e4nsebraten\"><img loading=\"lazy\" decoding=\"async\" width=\"225\" height=\"300\" src=\"https:\/\/i0.wp.com\/die-harzburg.de\/wp-content\/uploads\/2023\/11\/20231111_135741-scaled.jpg?fit=225%2C300&amp;ssl=1\" class=\"attachment-medium size-medium wp-post-image\" alt=\"\" style=\"\" srcset=\"https:\/\/i0.wp.com\/die-harzburg.de\/wp-content\/uploads\/2023\/11\/20231111_135741-scaled.jpg?w=1920&amp;ssl=1 1920w, https:\/\/i0.wp.com\/die-harzburg.de\/wp-content\/uploads\/2023\/11\/20231111_135741-scaled.jpg?resize=225%2C300&amp;ssl=1 225w, https:\/\/i0.wp.com\/die-harzburg.de\/wp-content\/uploads\/2023\/11\/20231111_135741-scaled.jpg?resize=768%2C1024&amp;ssl=1 768w, https:\/\/i0.wp.com\/die-harzburg.de\/wp-content\/uploads\/2023\/11\/20231111_135741-scaled.jpg?resize=1152%2C1536&amp;ssl=1 1152w, https:\/\/i0.wp.com\/die-harzburg.de\/wp-content\/uploads\/2023\/11\/20231111_135741-scaled.jpg?resize=1536%2C2048&amp;ssl=1 1536w, https:\/\/i0.wp.com\/die-harzburg.de\/wp-content\/uploads\/2023\/11\/20231111_135741-scaled.jpg?w=1440 1440w\" sizes=\"auto, (max-width: 225px) 100vw, 225px\" \/><\/a><\/div><a class=\"wp-block-latest-posts__post-title\" href=\"https:\/\/die-harzburg.de\/?p=1384\">Einladung zu Turmpl\u00e4nen und G\u00e4nsebraten<\/a><time datetime=\"2025-10-27T07:42:36+01:00\" class=\"wp-block-latest-posts__post-date\">27. Oktober 2025<\/time><div class=\"wp-block-latest-posts__post-excerpt\">Gro\u00dfes &#8222;Geschenk&#8220; zu Kaisers Geburtstag Den Geburtstag von Kaiser Heinrich IV., Bauherr der Harzburg, wollen die Mitglieder des F\u00f6rdervereins Historischer<\/div><\/li>\n<li><div class=\"wp-block-latest-posts__featured-image\"><a href=\"https:\/\/die-harzburg.de\/?p=1377\" aria-label=\"Das GZ-Burgberg-Interview mit Horst Woick\"><img loading=\"lazy\" decoding=\"async\" width=\"300\" height=\"169\" src=\"https:\/\/i0.wp.com\/die-harzburg.de\/wp-content\/uploads\/2025\/10\/Horst-Woick-2vl-in-seinem-Element-2014.jpg?fit=300%2C169&amp;ssl=1\" class=\"attachment-medium size-medium wp-post-image\" alt=\"\" style=\"\" srcset=\"https:\/\/i0.wp.com\/die-harzburg.de\/wp-content\/uploads\/2025\/10\/Horst-Woick-2vl-in-seinem-Element-2014.jpg?w=985&amp;ssl=1 985w, https:\/\/i0.wp.com\/die-harzburg.de\/wp-content\/uploads\/2025\/10\/Horst-Woick-2vl-in-seinem-Element-2014.jpg?resize=300%2C169&amp;ssl=1 300w, https:\/\/i0.wp.com\/die-harzburg.de\/wp-content\/uploads\/2025\/10\/Horst-Woick-2vl-in-seinem-Element-2014.jpg?resize=768%2C432&amp;ssl=1 768w\" sizes=\"auto, (max-width: 300px) 100vw, 300px\" \/><\/a><\/div><a class=\"wp-block-latest-posts__post-title\" href=\"https:\/\/die-harzburg.de\/?p=1377\">Das GZ-Burgberg-Interview mit Horst Woick<\/a><time datetime=\"2025-10-15T08:37:28+02:00\" class=\"wp-block-latest-posts__post-date\">15. Oktober 2025<\/time><div class=\"wp-block-latest-posts__post-excerpt\">Eine L\u00f6sung f\u00fcr die Zukunft \u201eWas sagt ein Burgberg-Experte zu den millionenschwerer Turmpl\u00e4nen?\u201c, dies fragte sich die GZ-Redaktion und deren<\/div><\/li>\n<li><div class=\"wp-block-latest-posts__featured-image\"><a href=\"https:\/\/die-harzburg.de\/?p=1348\" aria-label=\"Burgberg-Turm weckt gro\u00dfes Interesse\"><img loading=\"lazy\" decoding=\"async\" width=\"300\" height=\"212\" src=\"https:\/\/i0.wp.com\/die-harzburg.de\/wp-content\/uploads\/2025\/06\/Praesentation-Burg-Bad-Harzburg_ueberarbeitet-14.03.2025-conv-28-scaled.jpeg?fit=300%2C212&amp;ssl=1\" class=\"attachment-medium size-medium wp-post-image\" alt=\"\" style=\"\" srcset=\"https:\/\/i0.wp.com\/die-harzburg.de\/wp-content\/uploads\/2025\/06\/Praesentation-Burg-Bad-Harzburg_ueberarbeitet-14.03.2025-conv-28-scaled.jpeg?w=2560&amp;ssl=1 2560w, https:\/\/i0.wp.com\/die-harzburg.de\/wp-content\/uploads\/2025\/06\/Praesentation-Burg-Bad-Harzburg_ueberarbeitet-14.03.2025-conv-28-scaled.jpeg?resize=300%2C212&amp;ssl=1 300w, https:\/\/i0.wp.com\/die-harzburg.de\/wp-content\/uploads\/2025\/06\/Praesentation-Burg-Bad-Harzburg_ueberarbeitet-14.03.2025-conv-28-scaled.jpeg?resize=1024%2C724&amp;ssl=1 1024w, https:\/\/i0.wp.com\/die-harzburg.de\/wp-content\/uploads\/2025\/06\/Praesentation-Burg-Bad-Harzburg_ueberarbeitet-14.03.2025-conv-28-scaled.jpeg?resize=768%2C543&amp;ssl=1 768w, https:\/\/i0.wp.com\/die-harzburg.de\/wp-content\/uploads\/2025\/06\/Praesentation-Burg-Bad-Harzburg_ueberarbeitet-14.03.2025-conv-28-scaled.jpeg?resize=1536%2C1086&amp;ssl=1 1536w, https:\/\/i0.wp.com\/die-harzburg.de\/wp-content\/uploads\/2025\/06\/Praesentation-Burg-Bad-Harzburg_ueberarbeitet-14.03.2025-conv-28-scaled.jpeg?resize=2048%2C1448&amp;ssl=1 2048w, https:\/\/i0.wp.com\/die-harzburg.de\/wp-content\/uploads\/2025\/06\/Praesentation-Burg-Bad-Harzburg_ueberarbeitet-14.03.2025-conv-28-scaled.jpeg?w=1440 1440w, https:\/\/i0.wp.com\/die-harzburg.de\/wp-content\/uploads\/2025\/06\/Praesentation-Burg-Bad-Harzburg_ueberarbeitet-14.03.2025-conv-28-scaled.jpeg?w=2160 2160w\" sizes=\"auto, (max-width: 300px) 100vw, 300px\" \/><\/a><\/div><a class=\"wp-block-latest-posts__post-title\" href=\"https:\/\/die-harzburg.de\/?p=1348\">Burgberg-Turm weckt gro\u00dfes Interesse<\/a><time datetime=\"2025-06-26T20:56:14+02:00\" class=\"wp-block-latest-posts__post-date\">26. Juni 2025<\/time><div class=\"wp-block-latest-posts__post-excerpt\">Ein Abend, der optimistisch stimmt Die Reaktionen im Publikum waren bisweilen begeistert, \u00fcberwiegend zumindest zustimmend, vereinzelt aber wurde auch Skepsis<\/div><\/li>\n<li><div class=\"wp-block-latest-posts__featured-image\"><a href=\"https:\/\/die-harzburg.de\/?p=1306\" aria-label=\"Starkes Ma\u00dfnahmenb\u00fcndel f\u00fcr Burg und Berg\"><img loading=\"lazy\" decoding=\"async\" width=\"300\" height=\"204\" src=\"https:\/\/i0.wp.com\/die-harzburg.de\/wp-content\/uploads\/2025\/06\/turmrest-1983.jpg?fit=300%2C204&amp;ssl=1\" class=\"attachment-medium size-medium wp-post-image\" alt=\"\" style=\"\" srcset=\"https:\/\/i0.wp.com\/die-harzburg.de\/wp-content\/uploads\/2025\/06\/turmrest-1983.jpg?w=2560&amp;ssl=1 2560w, https:\/\/i0.wp.com\/die-harzburg.de\/wp-content\/uploads\/2025\/06\/turmrest-1983.jpg?resize=300%2C204&amp;ssl=1 300w, https:\/\/i0.wp.com\/die-harzburg.de\/wp-content\/uploads\/2025\/06\/turmrest-1983.jpg?resize=1024%2C695&amp;ssl=1 1024w, https:\/\/i0.wp.com\/die-harzburg.de\/wp-content\/uploads\/2025\/06\/turmrest-1983.jpg?resize=768%2C521&amp;ssl=1 768w, https:\/\/i0.wp.com\/die-harzburg.de\/wp-content\/uploads\/2025\/06\/turmrest-1983.jpg?resize=1536%2C1042&amp;ssl=1 1536w, https:\/\/i0.wp.com\/die-harzburg.de\/wp-content\/uploads\/2025\/06\/turmrest-1983.jpg?resize=2048%2C1390&amp;ssl=1 2048w, https:\/\/i0.wp.com\/die-harzburg.de\/wp-content\/uploads\/2025\/06\/turmrest-1983.jpg?w=1440 1440w, https:\/\/i0.wp.com\/die-harzburg.de\/wp-content\/uploads\/2025\/06\/turmrest-1983.jpg?w=2160 2160w\" sizes=\"auto, (max-width: 300px) 100vw, 300px\" \/><\/a><\/div><a class=\"wp-block-latest-posts__post-title\" href=\"https:\/\/die-harzburg.de\/?p=1306\">Starkes Ma\u00dfnahmenb\u00fcndel f\u00fcr Burg und Berg<\/a><time datetime=\"2025-06-16T07:29:00+02:00\" class=\"wp-block-latest-posts__post-date\">16. Juni 2025<\/time><div class=\"wp-block-latest-posts__post-excerpt\">Ein sch\u00f6nes Fleckchen und Scientainment Vorstand des F\u00f6rdervereins Historischer Burgberg bereitet \u00f6ffentliche Pr\u00e4sentation der Turmbau-Pl\u00e4ne und weiterer Projekte vor Hoch<\/div><\/li>\n<li><div class=\"wp-block-latest-posts__featured-image\"><a href=\"https:\/\/die-harzburg.de\/?p=1255\" aria-label=\"Star-Architekt stellt Burgturm-Pl\u00e4ne vor\"><img loading=\"lazy\" decoding=\"async\" width=\"300\" height=\"220\" src=\"https:\/\/i0.wp.com\/die-harzburg.de\/wp-content\/uploads\/2025\/06\/hambacher-01.png?fit=300%2C220&amp;ssl=1\" class=\"attachment-medium size-medium wp-post-image\" alt=\"\" style=\"\" srcset=\"https:\/\/i0.wp.com\/die-harzburg.de\/wp-content\/uploads\/2025\/06\/hambacher-01.png?w=2447&amp;ssl=1 2447w, https:\/\/i0.wp.com\/die-harzburg.de\/wp-content\/uploads\/2025\/06\/hambacher-01.png?resize=300%2C220&amp;ssl=1 300w, https:\/\/i0.wp.com\/die-harzburg.de\/wp-content\/uploads\/2025\/06\/hambacher-01.png?resize=1024%2C752&amp;ssl=1 1024w, https:\/\/i0.wp.com\/die-harzburg.de\/wp-content\/uploads\/2025\/06\/hambacher-01.png?resize=768%2C564&amp;ssl=1 768w, https:\/\/i0.wp.com\/die-harzburg.de\/wp-content\/uploads\/2025\/06\/hambacher-01.png?resize=1536%2C1129&amp;ssl=1 1536w, https:\/\/i0.wp.com\/die-harzburg.de\/wp-content\/uploads\/2025\/06\/hambacher-01.png?resize=2048%2C1505&amp;ssl=1 2048w, https:\/\/i0.wp.com\/die-harzburg.de\/wp-content\/uploads\/2025\/06\/hambacher-01.png?w=1440 1440w, https:\/\/i0.wp.com\/die-harzburg.de\/wp-content\/uploads\/2025\/06\/hambacher-01.png?w=2160 2160w\" sizes=\"auto, (max-width: 300px) 100vw, 300px\" \/><\/a><\/div><a class=\"wp-block-latest-posts__post-title\" href=\"https:\/\/die-harzburg.de\/?p=1255\">Star-Architekt stellt Burgturm-Pl\u00e4ne vor<\/a><time datetime=\"2025-06-03T07:00:00+02:00\" class=\"wp-block-latest-posts__post-date\">3. Juni 2025<\/time><div class=\"wp-block-latest-posts__post-excerpt\">\u201eDie Moderne darf uns kein Alibi sein, die Geschichte zu ignorieren \u2013 wenn sie geschichtsbewusst bleibt, ergeben Alt und Neu<\/div><\/li>\n<li><div class=\"wp-block-latest-posts__featured-image\"><a href=\"https:\/\/die-harzburg.de\/?p=1188\" aria-label=\"Gest\u00e4rkt an den Turmbau gehen\"><img loading=\"lazy\" decoding=\"async\" width=\"300\" height=\"176\" src=\"https:\/\/i0.wp.com\/die-harzburg.de\/wp-content\/uploads\/2024\/11\/IMG-20241111-WA0003.jpg?fit=300%2C176&amp;ssl=1\" class=\"attachment-medium size-medium wp-post-image\" alt=\"\" style=\"\" srcset=\"https:\/\/i0.wp.com\/die-harzburg.de\/wp-content\/uploads\/2024\/11\/IMG-20241111-WA0003.jpg?w=1208&amp;ssl=1 1208w, https:\/\/i0.wp.com\/die-harzburg.de\/wp-content\/uploads\/2024\/11\/IMG-20241111-WA0003.jpg?resize=300%2C176&amp;ssl=1 300w, https:\/\/i0.wp.com\/die-harzburg.de\/wp-content\/uploads\/2024\/11\/IMG-20241111-WA0003.jpg?resize=1024%2C599&amp;ssl=1 1024w, https:\/\/i0.wp.com\/die-harzburg.de\/wp-content\/uploads\/2024\/11\/IMG-20241111-WA0003.jpg?resize=768%2C449&amp;ssl=1 768w\" sizes=\"auto, (max-width: 300px) 100vw, 300px\" \/><\/a><\/div><a class=\"wp-block-latest-posts__post-title\" href=\"https:\/\/die-harzburg.de\/?p=1188\">Gest\u00e4rkt an den Turmbau gehen<\/a><time datetime=\"2024-11-13T05:31:28+01:00\" class=\"wp-block-latest-posts__post-date\">13. November 2024<\/time><div class=\"wp-block-latest-posts__post-excerpt\">Mit eigenem Kennzeichen zum Turm Wer einen Turm errichten will, sollte das Unterfangen gest\u00e4rkt angehen. Der F\u00f6rderverein Historischer Burgberg nutzte<\/div><\/li>\n<li><div class=\"wp-block-latest-posts__featured-image\"><a href=\"https:\/\/die-harzburg.de\/?p=888\" aria-label=\"11.11.2023 \u2013 Gro\u00dfe Pl\u00e4ne &#038; G\u00e4nseessen\"><img loading=\"lazy\" decoding=\"async\" width=\"300\" height=\"203\" src=\"https:\/\/i0.wp.com\/die-harzburg.de\/wp-content\/uploads\/2023\/11\/Beitragsbild.jpg?fit=300%2C203&amp;ssl=1\" class=\"attachment-medium size-medium wp-post-image\" alt=\"\" style=\"\" srcset=\"https:\/\/i0.wp.com\/die-harzburg.de\/wp-content\/uploads\/2023\/11\/Beitragsbild.jpg?w=1237&amp;ssl=1 1237w, https:\/\/i0.wp.com\/die-harzburg.de\/wp-content\/uploads\/2023\/11\/Beitragsbild.jpg?resize=300%2C203&amp;ssl=1 300w, https:\/\/i0.wp.com\/die-harzburg.de\/wp-content\/uploads\/2023\/11\/Beitragsbild.jpg?resize=1024%2C692&amp;ssl=1 1024w, https:\/\/i0.wp.com\/die-harzburg.de\/wp-content\/uploads\/2023\/11\/Beitragsbild.jpg?resize=768%2C519&amp;ssl=1 768w\" sizes=\"auto, (max-width: 300px) 100vw, 300px\" \/><\/a><\/div><a class=\"wp-block-latest-posts__post-title\" href=\"https:\/\/die-harzburg.de\/?p=888\">11.11.2023 \u2013 Gro\u00dfe Pl\u00e4ne &#038; G\u00e4nseessen<\/a><time datetime=\"2023-11-15T09:32:32+01:00\" class=\"wp-block-latest-posts__post-date\">15. November 2023<\/time><div class=\"wp-block-latest-posts__post-excerpt\">Turmbau als m\u00e4chtiges Ausrufezeichen Wer einen geschichtstr\u00e4chtigen Ort hegt und pflegt, der h\u00e4lt selbstverst\u00e4ndlich viel von Traditionen. Umso mehr, wenn<\/div><\/li>\n<\/ul>","protected":false},"excerpt":{"rendered":"<p>Gro\u00dfe Pl\u00e4ne rund um den Turm Auf dieser Seite sammeln wir alle Beitr\u00e4ge rund um den Turmbau-Plan und die rundherum geplanten Ma\u00dfnahmen wie das Burgen-Informations- und Forschungszentrum. Wer das Mammutprojekt des F\u00f6rdervereins Historischer Burgberg Bad Harzburg e.V. schon jetzt unterst\u00fctzen<\/p>\n","protected":false},"author":1,"featured_media":0,"parent":0,"menu_order":0,"comment_status":"closed","ping_status":"closed","template":"","meta":{"footnotes":""},"class_list":["post-1322","page","type-page","status-publish","hentry"],"jetpack_sharing_enabled":true,"_links":{"self":[{"href":"https:\/\/die-harzburg.de\/index.php?rest_route=\/wp\/v2\/pages\/1322","targetHints":{"allow":["GET"]}}],"collection":[{"href":"https:\/\/die-harzburg.de\/index.php?rest_route=\/wp\/v2\/pages"}],"about":[{"href":"https:\/\/die-harzburg.de\/index.php?rest_route=\/wp\/v2\/types\/page"}],"author":[{"embeddable":true,"href":"https:\/\/die-harzburg.de\/index.php?rest_route=\/wp\/v2\/users\/1"}],"replies":[{"embeddable":true,"href":"https:\/\/die-harzburg.de\/index.php?rest_route=%2Fwp%2Fv2%2Fcomments&post=1322"}],"version-history":[{"count":7,"href":"https:\/\/die-harzburg.de\/index.php?rest_route=\/wp\/v2\/pages\/1322\/revisions"}],"predecessor-version":[{"id":1344,"href":"https:\/\/die-harzburg.de\/index.php?rest_route=\/wp\/v2\/pages\/1322\/revisions\/1344"}],"wp:attachment":[{"href":"https:\/\/die-harzburg.de\/index.php?rest_route=%2Fwp%2Fv2%2Fmedia&parent=1322"}],"curies":[{"name":"wp","href":"https:\/\/api.w.org\/{rel}","templated":true}]}}