{"id":112,"date":"2022-10-12T09:23:54","date_gmt":"2022-10-12T09:23:54","guid":{"rendered":"http:\/\/die-harzburg.de\/?page_id=112"},"modified":"2025-06-02T12:42:20","modified_gmt":"2025-06-02T10:42:20","slug":"impressum-2","status":"publish","type":"page","link":"https:\/\/die-harzburg.de\/?page_id=112","title":{"rendered":"Impressum"},"content":{"rendered":"\n<h2 class=\"wp-block-heading\">Impressum<\/h2>\n\n\n\n<p><strong>Name und Anschrift:<\/strong><br>F\u00f6rderverein Historischer Burgberg Bad Harzburg e.V.<br>Am Schlosspark\u00a017, 38667 Bad Harzburg<\/p>\n\n\n\n<p><strong>Telefon<\/strong>:&nbsp;&nbsp;&nbsp;&nbsp;&nbsp;&nbsp;&nbsp;&nbsp;&nbsp;&nbsp;&nbsp;&nbsp;&nbsp;&nbsp;&nbsp;&nbsp;&nbsp; &nbsp;&nbsp;05322 &#8211;&nbsp; 2323<\/p>\n\n\n\n<p><strong>Fax<\/strong>:&nbsp;&nbsp;&nbsp;&nbsp;&nbsp;&nbsp;&nbsp;&nbsp;&nbsp;&nbsp;&nbsp;&nbsp;&nbsp;&nbsp;&nbsp;&nbsp;&nbsp;&nbsp;&nbsp;&nbsp;&nbsp;&nbsp;&nbsp;&nbsp;&nbsp; 05322 &#8211; 5 29 13<\/p>\n\n\n\n<p><strong>E-Mail<\/strong>:&nbsp;&nbsp;&nbsp;&nbsp;&nbsp;&nbsp;&nbsp;&nbsp;&nbsp;&nbsp;&nbsp;&nbsp;&nbsp;&nbsp;&nbsp;&nbsp;&nbsp;&nbsp;&nbsp;&nbsp; info@die-harzburg.de<\/p>\n\n\n\n<p><strong>1. Vorsitzender:&nbsp; Dirk Junicke<\/strong><\/p>\n\n\n\n<p><strong>Firmensitz<\/strong>: Bad Harzburg<\/p>\n\n\n\n<p><strong>Registergericht<\/strong>: Amtsgericht Braunschweig<\/p>\n\n\n\n<p><strong>Registernummer<\/strong>: VR 110494<\/p>\n\n\n\n<p><strong>Umsatzsteuer-Identifikationsnummer<\/strong>: 21\/215\/20613 FA Goslar<\/p>\n\n\n\n<p><strong>Inhaltlich verantwortlich:<\/strong><br>Reinhard Vierke<br>E-mail: <strong><a href=\"mailto:info@die-harzburg.de\">info@die-harzburg.de<\/a><\/strong><\/p>\n\n\n\n<p><strong>Quelleninformation<\/strong><\/p>\n\n\n\n<p>Fremdtexte aus Publikationen von: Nehring, Stolberg,&nbsp; Steinmetz, R\u00f6ttger, Woick, Harzer Wanderseite, Wikipedia, Moritz. Sollten Einw\u00e4nde gegen die Nutzung der Fremdtexte geltend gemacht werden, teilen Sie uns dies bitte mit. <\/p>\n\n\n\n<p>Fotos sind uns von Vereinsmitgliedern zur Nutzung \u00fcberlassen worden. F\u00fcr die Nutzungsrechte an weiteren Fotos bedanken wir uns bei den Kur-, Tourismus- und Wirtschaftsbetrieben Bad Harzburg. F\u00fcr die \u00dcberlassung der Fotos der Computer-Rekonstruktion der Harzburg bedanken wir uns bei Philipp Matscho\u00df. Symbolbilder sind der Plattform Pixabay entnommen.<\/p>\n\n\n\n<p><strong>Rechtlicher Hinweis<\/strong><\/p>\n\n\n\n<p>F\u00fcr alle Links, die zu anderen Seiten im Internet f\u00fchren gilt, dass wir keinerlei Einfluss auf die Gestaltung und den Inhalt der gelinkten Seiten im Internet haben. Deshalb distanzieren wir uns hiermit ausdr\u00fccklich von allen Inhalten aller gelinkten Internetseiten, die Sie hier finden.<\/p>\n","protected":false},"excerpt":{"rendered":"<p>Impressum Name und Anschrift:F\u00f6rderverein Historischer Burgberg Bad Harzburg e.V.Am Schlosspark\u00a017, 38667 Bad Harzburg Telefon:&nbsp;&nbsp;&nbsp;&nbsp;&nbsp;&nbsp;&nbsp;&nbsp;&nbsp;&nbsp;&nbsp;&nbsp;&nbsp;&nbsp;&nbsp;&nbsp;&nbsp; &nbsp;&nbsp;05322 &#8211;&nbsp; 2323 Fax:&nbsp;&nbsp;&nbsp;&nbsp;&nbsp;&nbsp;&nbsp;&nbsp;&nbsp;&nbsp;&nbsp;&nbsp;&nbsp;&nbsp;&nbsp;&nbsp;&nbsp;&nbsp;&nbsp;&nbsp;&nbsp;&nbsp;&nbsp;&nbsp;&nbsp; 05322 &#8211; 5 29 13 E-Mail:&nbsp;&nbsp;&nbsp;&nbsp;&nbsp;&nbsp;&nbsp;&nbsp;&nbsp;&nbsp;&nbsp;&nbsp;&nbsp;&nbsp;&nbsp;&nbsp;&nbsp;&nbsp;&nbsp;&nbsp; info@die-harzburg.de 1. Vorsitzender:&nbsp; Dirk Junicke Firmensitz: Bad Harzburg Registergericht: Amtsgericht Braunschweig Registernummer: VR 110494 Umsatzsteuer-Identifikationsnummer: 21\/215\/20613<\/p>\n","protected":false},"author":1,"featured_media":0,"parent":107,"menu_order":0,"comment_status":"closed","ping_status":"closed","template":"","meta":{"footnotes":""},"class_list":["post-112","page","type-page","status-publish","hentry"],"jetpack_sharing_enabled":true,"_links":{"self":[{"href":"https:\/\/die-harzburg.de\/index.php?rest_route=\/wp\/v2\/pages\/112","targetHints":{"allow":["GET"]}}],"collection":[{"href":"https:\/\/die-harzburg.de\/index.php?rest_route=\/wp\/v2\/pages"}],"about":[{"href":"https:\/\/die-harzburg.de\/index.php?rest_route=\/wp\/v2\/types\/page"}],"author":[{"embeddable":true,"href":"https:\/\/die-harzburg.de\/index.php?rest_route=\/wp\/v2\/users\/1"}],"replies":[{"embeddable":true,"href":"https:\/\/die-harzburg.de\/index.php?rest_route=%2Fwp%2Fv2%2Fcomments&post=112"}],"version-history":[{"count":3,"href":"https:\/\/die-harzburg.de\/index.php?rest_route=\/wp\/v2\/pages\/112\/revisions"}],"predecessor-version":[{"id":1254,"href":"https:\/\/die-harzburg.de\/index.php?rest_route=\/wp\/v2\/pages\/112\/revisions\/1254"}],"up":[{"embeddable":true,"href":"https:\/\/die-harzburg.de\/index.php?rest_route=\/wp\/v2\/pages\/107"}],"wp:attachment":[{"href":"https:\/\/die-harzburg.de\/index.php?rest_route=%2Fwp%2Fv2%2Fmedia&parent=112"}],"curies":[{"name":"wp","href":"https:\/\/api.w.org\/{rel}","templated":true}]}}